{"id":871,"date":"2021-03-23T11:59:11","date_gmt":"2021-03-23T09:59:11","guid":{"rendered":"https:\/\/karivoo.com\/?post_type=product&#038;p=871"},"modified":"2021-03-28T12:06:54","modified_gmt":"2021-03-28T10:06:54","slug":"mampara-personalizada-de-metacrilato-para-mostrador-de-4mm-auto-montable","status":"publish","type":"product","link":"https:\/\/karivoo.com\/index.php\/producto\/mampara-personalizada-de-metacrilato-para-mostrador-de-4mm-auto-montable\/","title":{"rendered":"Mampara personalizada de metacrilato para mostrador de 4mm auto-montable"},"content":{"rendered":"<p>[et_pb_section fb_built=&#8221;1&#8243; _builder_version=&#8221;4.6.3&#8243; width=&#8221;82%&#8221; module_alignment=&#8221;center&#8221; custom_padding=&#8221;0px||||false|false&#8221;][et_pb_row _builder_version=&#8221;3.25&#8243; background_size=&#8221;initial&#8221; background_position=&#8221;top_left&#8221; background_repeat=&#8221;repeat&#8221; width=&#8221;100%&#8221; custom_padding=&#8221;0px||0px||false|false&#8221;][et_pb_column type=&#8221;4_4&#8243; _builder_version=&#8221;3.25&#8243; custom_padding=&#8221;|||&#8221; custom_padding__hover=&#8221;|||&#8221;][et_pb_wc_breadcrumb _builder_version=&#8221;3.0.47&#8243;][\/et_pb_wc_breadcrumb][et_pb_wc_cart_notice _builder_version=&#8221;4.6.3&#8243; body_font_size=&#8221;16px&#8221; custom_button=&#8221;on&#8221; button_text_size=&#8221;16px&#8221; button_text_color=&#8221;#474747&#8243; button_bg_color=&#8221;#ffffff&#8221; button_custom_margin=&#8221;-14px||||false|false&#8221; button_custom_padding=&#8221;0px||||false|false&#8221; min_height=&#8221;70px&#8221; custom_padding=&#8221;15px|15px|0px|15px|false|false&#8221; button_bg_color__hover_enabled=&#8221;on|hover&#8221; button_bg_color__hover=&#8221;#c1dddd&#8221; button_bg_enable_color__hover=&#8221;on&#8221;][\/et_pb_wc_cart_notice][\/et_pb_column][\/et_pb_row][et_pb_row column_structure=&#8221;1_2,1_2&#8243; _builder_version=&#8221;4.6.3&#8243; background_size=&#8221;initial&#8221; background_position=&#8221;top_left&#8221; background_repeat=&#8221;repeat&#8221; width=&#8221;100%&#8221; height=&#8221;1000px&#8221; custom_margin=&#8221;|auto|-313px|auto|false|false&#8221; custom_padding=&#8221;0px||0px||false|false&#8221;][et_pb_column type=&#8221;1_2&#8243; _builder_version=&#8221;3.25&#8243; custom_padding=&#8221;|||&#8221; custom_padding__hover=&#8221;|||&#8221;][et_pb_wc_images force_fullwidth=&#8221;on&#8221; _builder_version=&#8221;4.6.3&#8243; min_height=&#8221;650px&#8221; height=&#8221;1000px&#8221; max_height=&#8221;1000px&#8221; custom_margin=&#8221;||-278px||false|false&#8221; custom_padding=&#8221;||0px|||&#8221;][\/et_pb_wc_images][\/et_pb_column][et_pb_column type=&#8221;1_2&#8243; _builder_version=&#8221;3.25&#8243; custom_padding=&#8221;|||&#8221; custom_padding__hover=&#8221;|||&#8221;][et_pb_wc_title _builder_version=&#8221;4.6.3&#8243; header_level=&#8221;h2&#8243; width=&#8221;100%&#8221;][\/et_pb_wc_title][et_pb_wc_rating _builder_version=&#8221;4.6.3&#8243; rating_text_color=&#8221;#007fe0&#8243; body_font_size=&#8221;15px&#8221;][\/et_pb_wc_rating][et_pb_wc_price _builder_version=&#8221;3.0.47&#8243;][\/et_pb_wc_price][et_pb_wc_description _builder_version=&#8221;3.0.47&#8243;][\/et_pb_wc_description][et_pb_wc_add_to_cart _builder_version=&#8221;4.6.3&#8243; fields_font_size=&#8221;15px&#8221; custom_button=&#8221;on&#8221; button_text_size=&#8221;15px&#8221; button_rel=&#8221;off|off|off|off|off&#8221; button_custom_margin=&#8221;1px||||false|false&#8221; button_custom_padding=&#8221;8px||||false|false&#8221; custom_margin=&#8221;||40px||false|false&#8221; custom_padding=&#8221;1px||0px||false|false&#8221; fields_font_size_tablet=&#8221;&#8221; fields_font_size_phone=&#8221;&#8221; fields_font_size_last_edited=&#8221;on|desktop&#8221; fields_custom_padding__hover_enabled=&#8221;on|desktop&#8221;][\/et_pb_wc_add_to_cart][et_pb_wc_meta _builder_version=&#8221;3.0.47&#8243;][\/et_pb_wc_meta][et_pb_text _builder_version=&#8221;4.9.0&#8243; _module_preset=&#8221;default&#8221;]\u00b7 Env\u00edo <strong>GRATIS<\/strong> para pedidos superiores a 24\u20ac (IVA incluido)<br \/>\n\u00b7 4,95\u20ac de gastos de env\u00edo para pedidos inferiores a 24\u20ac (IVA incluido)<br \/>\n\u00b7 Elaboraci\u00f3n y entrega en aproximadamente 5 d\u00edas laborales.[\/et_pb_text][\/et_pb_column][\/et_pb_row][et_pb_row _builder_version=&#8221;3.25&#8243; background_size=&#8221;initial&#8221; background_position=&#8221;top_left&#8221; background_repeat=&#8221;repeat&#8221; width=&#8221;100%&#8221; min_height=&#8221;707px&#8221; custom_margin=&#8221;-164px|auto||auto||&#8221; custom_padding=&#8221;||0px|||&#8221;][et_pb_column type=&#8221;4_4&#8243; _builder_version=&#8221;3.25&#8243; custom_padding=&#8221;|||&#8221; custom_padding__hover=&#8221;|||&#8221;][et_pb_wc_tabs _builder_version=&#8221;3.0.47&#8243; min_height=&#8221;41px&#8221;] [\/et_pb_wc_tabs][et_pb_wc_upsells _builder_version=&#8221;3.0.47&#8243;][\/et_pb_wc_upsells][et_pb_wc_related_products _builder_version=&#8221;3.0.47&#8243;][\/et_pb_wc_related_products][\/et_pb_column][\/et_pb_row][\/et_pb_section]<\/p>\n","protected":false},"excerpt":{"rendered":"<p>En Karivoo somos artesanos, pero no nos hemos olvidado de todos los comercios y tiendas que necesitan de una mampara para protegerse en estos tiempos duros que corren, teniendo los medios y mejores materiales, hemos pensado en comercializar un producto de la m\u00e1s alta calidad, con los mejores materiales existentes y adem\u00e1s darle un toque personalizado que llame la atenci\u00f3n, adem\u00e1s pueda incluir un mensaje motivador para sus clientes o usuarios.<\/p>\n<p>Fabricadas por nosotros en Espa\u00f1a, utilizando siempre Metacrilato de colada calidad AAA, con la m\u00e1s alta transparencia del mercado, con bordes y cantos curvos para evitar lesiones. Podemos personalizar con su logotipo o imagen que desee en una esquina, adem\u00e1s de poder incluir en la otra una frase motivadora, que no viene mal un poco de \u00e1nimo en estos tiempos, u otra imagen o texto que desee, como un c\u00f3digo QR escaneable por m\u00f3vil indicando su web.<\/p>\n","protected":false},"featured_media":886,"comment_status":"open","ping_status":"closed","template":"","meta":{"_et_pb_use_builder":"on","_et_pb_old_content":"<ul>\r\n \t<li>Para las personalizaciones, seleccione Grabado 1 (esquina superior izquierda) y\/o Grabado 2 (esquina superior derecha), seg\u00fan desee esquina superior a personalizar. Si se trata de un logotipo, escribir nombre del logo, seguido de la palabra \"logo\", si es texto, escribirlo tal cual hasta 100 caracteres y si es una direcci\u00f3n web con c\u00f3digo QR indicar la direcci\u00f3n web y escribir posteriormente \"QR\" si no se especifica, se escribir\u00e1 la direcci\u00f3n web escrita tal cual.<\/li>\r\n \t<li>Los grabados se realizar\u00e1n en l\u00e1ser y quedar\u00e1n en blanco 1 color, NUNCA A COLORES. A poder ser en formato vectorial eps, pdf, ai, o en su defecto en jpg alta resoluci\u00f3n a un color.<\/li>\r\n \t<li><span class=\"a-list-item\">La mampara est\u00e1 fabricada con Metacrilato SUPER TRANSPARENTE de 4mm, material con estructura ligera, mucho M\u00c1S RESISTENTE que el Cristal.<\/span><\/li>\r\n \t<li><span class=\"a-list-item\">Muy ligera de peso y f\u00e1cil de montar, gracias a sus patas que entran en sus ranuras y apoyan sobre la mesa.<\/span><\/li>\r\n \t<li><span class=\"a-list-item\">Disponible en las siguientes medidas: 100x80cm y 70x60cm (base x altura). Con ventana central de 35x15cm en el modelo de 100x80cm y 28x13,50cm en el modelo de 70x60cm<\/span><\/li>\r\n \t<li><span class=\"a-list-item\">Mampara Personalizada de protecci\u00f3n especialmente pensada para mostradores de supermercados, colegios y oficinas. Instale una barrera de protecci\u00f3n contra salpicaduras y micro-gotas portadoras de virus.<\/span><\/li>\r\n \t<li><span class=\"a-list-item\">Fabricada con los mejores materiales y muy duraderos, fabricada en Espa\u00f1a.<\/span><\/li>\r\n \t<li>Mant\u00e9n al COVID-19, producido por el coronavirus, y dem\u00e1s virus fuera de tu negocio, gracias a su grosor 4mm tendr\u00e1s una gran transparencia y visualizaci\u00f3n.<\/li>\r\n<\/ul>","_et_gb_content_width":""},"product_brand":[],"product_cat":[51],"product_tag":[],"class_list":{"0":"post-871","1":"product","2":"type-product","3":"status-publish","4":"has-post-thumbnail","6":"product_cat-anti-covid","7":"product_shipping_class-envios-gratuitos-a-partir-de-22e","9":"first","10":"instock","11":"featured","12":"taxable","13":"shipping-taxable","14":"purchasable","15":"product-type-variable"},"yoast_head":"<!-- This site is optimized with the Yoast SEO plugin v24.7 - https:\/\/yoast.com\/wordpress\/plugins\/seo\/ -->\n<title>Mampara personalizada de metacrilato para mostrador de 4mm auto-montable - Karivoo<\/title>\n<meta name=\"robots\" content=\"index, follow, max-snippet:-1, max-image-preview:large, max-video-preview:-1\" \/>\n<link rel=\"canonical\" href=\"https:\/\/karivoo.com\/index.php\/producto\/mampara-personalizada-de-metacrilato-para-mostrador-de-4mm-auto-montable\/\" \/>\n<meta property=\"og:locale\" content=\"es_ES\" \/>\n<meta property=\"og:type\" content=\"article\" \/>\n<meta property=\"og:title\" content=\"Mampara personalizada de metacrilato para mostrador de 4mm auto-montable - Karivoo\" \/>\n<meta property=\"og:description\" content=\"En Karivoo somos artesanos, pero no nos hemos olvidado de todos los comercios y tiendas que necesitan de una mampara para protegerse en estos tiempos duros que corren, teniendo los medios y mejores materiales, hemos pensado en comercializar un producto de la m\u00e1s alta calidad, con los mejores materiales existentes y adem\u00e1s darle un toque personalizado que llame la atenci\u00f3n, adem\u00e1s pueda incluir un mensaje motivador para sus clientes o usuarios.  Fabricadas por nosotros en Espa\u00f1a, utilizando siempre Metacrilato de colada calidad AAA, con la m\u00e1s alta transparencia del mercado, con bordes y cantos curvos para evitar lesiones. Podemos personalizar con su logotipo o imagen que desee en una esquina, adem\u00e1s de poder incluir en la otra una frase motivadora, que no viene mal un poco de \u00e1nimo en estos tiempos, u otra imagen o texto que desee, como un c\u00f3digo QR escaneable por m\u00f3vil indicando su web.\" \/>\n<meta property=\"og:url\" content=\"https:\/\/karivoo.com\/index.php\/producto\/mampara-personalizada-de-metacrilato-para-mostrador-de-4mm-auto-montable\/\" \/>\n<meta property=\"og:site_name\" content=\"Karivoo\" \/>\n<meta property=\"article:publisher\" content=\"https:\/\/www.facebook.com\/Karivoo-105245794677788\" \/>\n<meta property=\"article:modified_time\" content=\"2021-03-28T10:06:54+00:00\" \/>\n<meta property=\"og:image\" content=\"https:\/\/karivoo.com\/wp-content\/uploads\/2021\/03\/mampara-personalizada.jpg\" \/>\n\t<meta property=\"og:image:width\" content=\"582\" \/>\n\t<meta property=\"og:image:height\" content=\"500\" \/>\n\t<meta property=\"og:image:type\" content=\"image\/jpeg\" \/>\n<meta name=\"twitter:card\" content=\"summary_large_image\" \/>\n<meta name=\"twitter:label1\" content=\"Tiempo de lectura\" \/>\n\t<meta name=\"twitter:data1\" content=\"1 minuto\" \/>\n<script type=\"application\/ld+json\" class=\"yoast-schema-graph\">{\"@context\":\"https:\/\/schema.org\",\"@graph\":[{\"@type\":\"WebPage\",\"@id\":\"https:\/\/karivoo.com\/index.php\/producto\/mampara-personalizada-de-metacrilato-para-mostrador-de-4mm-auto-montable\/\",\"url\":\"https:\/\/karivoo.com\/index.php\/producto\/mampara-personalizada-de-metacrilato-para-mostrador-de-4mm-auto-montable\/\",\"name\":\"Mampara personalizada de metacrilato para mostrador de 4mm auto-montable - Karivoo\",\"isPartOf\":{\"@id\":\"https:\/\/karivoo.com\/#website\"},\"primaryImageOfPage\":{\"@id\":\"https:\/\/karivoo.com\/index.php\/producto\/mampara-personalizada-de-metacrilato-para-mostrador-de-4mm-auto-montable\/#primaryimage\"},\"image\":{\"@id\":\"https:\/\/karivoo.com\/index.php\/producto\/mampara-personalizada-de-metacrilato-para-mostrador-de-4mm-auto-montable\/#primaryimage\"},\"thumbnailUrl\":\"https:\/\/karivoo.com\/wp-content\/uploads\/2021\/03\/mampara-personalizada.jpg\",\"datePublished\":\"2021-03-23T09:59:11+00:00\",\"dateModified\":\"2021-03-28T10:06:54+00:00\",\"breadcrumb\":{\"@id\":\"https:\/\/karivoo.com\/index.php\/producto\/mampara-personalizada-de-metacrilato-para-mostrador-de-4mm-auto-montable\/#breadcrumb\"},\"inLanguage\":\"es\",\"potentialAction\":[{\"@type\":\"ReadAction\",\"target\":[\"https:\/\/karivoo.com\/index.php\/producto\/mampara-personalizada-de-metacrilato-para-mostrador-de-4mm-auto-montable\/\"]}]},{\"@type\":\"ImageObject\",\"inLanguage\":\"es\",\"@id\":\"https:\/\/karivoo.com\/index.php\/producto\/mampara-personalizada-de-metacrilato-para-mostrador-de-4mm-auto-montable\/#primaryimage\",\"url\":\"https:\/\/karivoo.com\/wp-content\/uploads\/2021\/03\/mampara-personalizada.jpg\",\"contentUrl\":\"https:\/\/karivoo.com\/wp-content\/uploads\/2021\/03\/mampara-personalizada.jpg\",\"width\":582,\"height\":500},{\"@type\":\"BreadcrumbList\",\"@id\":\"https:\/\/karivoo.com\/index.php\/producto\/mampara-personalizada-de-metacrilato-para-mostrador-de-4mm-auto-montable\/#breadcrumb\",\"itemListElement\":[{\"@type\":\"ListItem\",\"position\":1,\"name\":\"Portada\",\"item\":\"https:\/\/karivoo.com\/\"},{\"@type\":\"ListItem\",\"position\":2,\"name\":\"Tienda\",\"item\":\"https:\/\/karivoo.com\/index.php\/tienda\/\"},{\"@type\":\"ListItem\",\"position\":3,\"name\":\"Mampara personalizada de metacrilato para mostrador de 4mm auto-montable\"}]},{\"@type\":\"WebSite\",\"@id\":\"https:\/\/karivoo.com\/#website\",\"url\":\"https:\/\/karivoo.com\/\",\"name\":\"Karivoo\",\"description\":\"Artesan\u00eda creativa de decoraci\u00f3n personalizada\",\"publisher\":{\"@id\":\"https:\/\/karivoo.com\/#organization\"},\"potentialAction\":[{\"@type\":\"SearchAction\",\"target\":{\"@type\":\"EntryPoint\",\"urlTemplate\":\"https:\/\/karivoo.com\/?s={search_term_string}\"},\"query-input\":{\"@type\":\"PropertyValueSpecification\",\"valueRequired\":true,\"valueName\":\"search_term_string\"}}],\"inLanguage\":\"es\"},{\"@type\":\"Organization\",\"@id\":\"https:\/\/karivoo.com\/#organization\",\"name\":\"KARIVOO\",\"url\":\"https:\/\/karivoo.com\/\",\"logo\":{\"@type\":\"ImageObject\",\"inLanguage\":\"es\",\"@id\":\"https:\/\/karivoo.com\/#\/schema\/logo\/image\/\",\"url\":\"https:\/\/karivoo.com\/wp-content\/uploads\/2020\/09\/karivoo_logo_cabecera3.png\",\"contentUrl\":\"https:\/\/karivoo.com\/wp-content\/uploads\/2020\/09\/karivoo_logo_cabecera3.png\",\"width\":600,\"height\":456,\"caption\":\"KARIVOO\"},\"image\":{\"@id\":\"https:\/\/karivoo.com\/#\/schema\/logo\/image\/\"},\"sameAs\":[\"https:\/\/www.facebook.com\/Karivoo-105245794677788\",\"https:\/\/www.instagram.com\/karivoo_com\/\"]}]}<\/script>\n<!-- \/ Yoast SEO plugin. -->","yoast_head_json":{"title":"Mampara personalizada de metacrilato para mostrador de 4mm auto-montable - Karivoo","robots":{"index":"index","follow":"follow","max-snippet":"max-snippet:-1","max-image-preview":"max-image-preview:large","max-video-preview":"max-video-preview:-1"},"canonical":"https:\/\/karivoo.com\/index.php\/producto\/mampara-personalizada-de-metacrilato-para-mostrador-de-4mm-auto-montable\/","og_locale":"es_ES","og_type":"article","og_title":"Mampara personalizada de metacrilato para mostrador de 4mm auto-montable - Karivoo","og_description":"En Karivoo somos artesanos, pero no nos hemos olvidado de todos los comercios y tiendas que necesitan de una mampara para protegerse en estos tiempos duros que corren, teniendo los medios y mejores materiales, hemos pensado en comercializar un producto de la m\u00e1s alta calidad, con los mejores materiales existentes y adem\u00e1s darle un toque personalizado que llame la atenci\u00f3n, adem\u00e1s pueda incluir un mensaje motivador para sus clientes o usuarios.  Fabricadas por nosotros en Espa\u00f1a, utilizando siempre Metacrilato de colada calidad AAA, con la m\u00e1s alta transparencia del mercado, con bordes y cantos curvos para evitar lesiones. Podemos personalizar con su logotipo o imagen que desee en una esquina, adem\u00e1s de poder incluir en la otra una frase motivadora, que no viene mal un poco de \u00e1nimo en estos tiempos, u otra imagen o texto que desee, como un c\u00f3digo QR escaneable por m\u00f3vil indicando su web.","og_url":"https:\/\/karivoo.com\/index.php\/producto\/mampara-personalizada-de-metacrilato-para-mostrador-de-4mm-auto-montable\/","og_site_name":"Karivoo","article_publisher":"https:\/\/www.facebook.com\/Karivoo-105245794677788","article_modified_time":"2021-03-28T10:06:54+00:00","og_image":[{"width":582,"height":500,"url":"https:\/\/karivoo.com\/wp-content\/uploads\/2021\/03\/mampara-personalizada.jpg","type":"image\/jpeg"}],"twitter_card":"summary_large_image","twitter_misc":{"Tiempo de lectura":"1 minuto"},"schema":{"@context":"https:\/\/schema.org","@graph":[{"@type":"WebPage","@id":"https:\/\/karivoo.com\/index.php\/producto\/mampara-personalizada-de-metacrilato-para-mostrador-de-4mm-auto-montable\/","url":"https:\/\/karivoo.com\/index.php\/producto\/mampara-personalizada-de-metacrilato-para-mostrador-de-4mm-auto-montable\/","name":"Mampara personalizada de metacrilato para mostrador de 4mm auto-montable - Karivoo","isPartOf":{"@id":"https:\/\/karivoo.com\/#website"},"primaryImageOfPage":{"@id":"https:\/\/karivoo.com\/index.php\/producto\/mampara-personalizada-de-metacrilato-para-mostrador-de-4mm-auto-montable\/#primaryimage"},"image":{"@id":"https:\/\/karivoo.com\/index.php\/producto\/mampara-personalizada-de-metacrilato-para-mostrador-de-4mm-auto-montable\/#primaryimage"},"thumbnailUrl":"https:\/\/karivoo.com\/wp-content\/uploads\/2021\/03\/mampara-personalizada.jpg","datePublished":"2021-03-23T09:59:11+00:00","dateModified":"2021-03-28T10:06:54+00:00","breadcrumb":{"@id":"https:\/\/karivoo.com\/index.php\/producto\/mampara-personalizada-de-metacrilato-para-mostrador-de-4mm-auto-montable\/#breadcrumb"},"inLanguage":"es","potentialAction":[{"@type":"ReadAction","target":["https:\/\/karivoo.com\/index.php\/producto\/mampara-personalizada-de-metacrilato-para-mostrador-de-4mm-auto-montable\/"]}]},{"@type":"ImageObject","inLanguage":"es","@id":"https:\/\/karivoo.com\/index.php\/producto\/mampara-personalizada-de-metacrilato-para-mostrador-de-4mm-auto-montable\/#primaryimage","url":"https:\/\/karivoo.com\/wp-content\/uploads\/2021\/03\/mampara-personalizada.jpg","contentUrl":"https:\/\/karivoo.com\/wp-content\/uploads\/2021\/03\/mampara-personalizada.jpg","width":582,"height":500},{"@type":"BreadcrumbList","@id":"https:\/\/karivoo.com\/index.php\/producto\/mampara-personalizada-de-metacrilato-para-mostrador-de-4mm-auto-montable\/#breadcrumb","itemListElement":[{"@type":"ListItem","position":1,"name":"Portada","item":"https:\/\/karivoo.com\/"},{"@type":"ListItem","position":2,"name":"Tienda","item":"https:\/\/karivoo.com\/index.php\/tienda\/"},{"@type":"ListItem","position":3,"name":"Mampara personalizada de metacrilato para mostrador de 4mm auto-montable"}]},{"@type":"WebSite","@id":"https:\/\/karivoo.com\/#website","url":"https:\/\/karivoo.com\/","name":"Karivoo","description":"Artesan\u00eda creativa de decoraci\u00f3n personalizada","publisher":{"@id":"https:\/\/karivoo.com\/#organization"},"potentialAction":[{"@type":"SearchAction","target":{"@type":"EntryPoint","urlTemplate":"https:\/\/karivoo.com\/?s={search_term_string}"},"query-input":{"@type":"PropertyValueSpecification","valueRequired":true,"valueName":"search_term_string"}}],"inLanguage":"es"},{"@type":"Organization","@id":"https:\/\/karivoo.com\/#organization","name":"KARIVOO","url":"https:\/\/karivoo.com\/","logo":{"@type":"ImageObject","inLanguage":"es","@id":"https:\/\/karivoo.com\/#\/schema\/logo\/image\/","url":"https:\/\/karivoo.com\/wp-content\/uploads\/2020\/09\/karivoo_logo_cabecera3.png","contentUrl":"https:\/\/karivoo.com\/wp-content\/uploads\/2020\/09\/karivoo_logo_cabecera3.png","width":600,"height":456,"caption":"KARIVOO"},"image":{"@id":"https:\/\/karivoo.com\/#\/schema\/logo\/image\/"},"sameAs":["https:\/\/www.facebook.com\/Karivoo-105245794677788","https:\/\/www.instagram.com\/karivoo_com\/"]}]}},"tiered_pricing_type":"fixed","tiered_pricing_fixed_rules":[],"tiered_pricing_product_settings":{"layout":"default","base_unit_name":{"singular":null,"plural":null},"default_variation":null},"tiered_pricing_minimum_quantity":null,"tiered_pricing_roles_data":[],"tiered_pricing_percentage_rules":[],"_links":{"self":[{"href":"https:\/\/karivoo.com\/index.php\/wp-json\/wp\/v2\/product\/871","targetHints":{"allow":["GET"]}}],"collection":[{"href":"https:\/\/karivoo.com\/index.php\/wp-json\/wp\/v2\/product"}],"about":[{"href":"https:\/\/karivoo.com\/index.php\/wp-json\/wp\/v2\/types\/product"}],"replies":[{"embeddable":true,"href":"https:\/\/karivoo.com\/index.php\/wp-json\/wp\/v2\/comments?post=871"}],"wp:featuredmedia":[{"embeddable":true,"href":"https:\/\/karivoo.com\/index.php\/wp-json\/wp\/v2\/media\/886"}],"wp:attachment":[{"href":"https:\/\/karivoo.com\/index.php\/wp-json\/wp\/v2\/media?parent=871"}],"wp:term":[{"taxonomy":"product_brand","embeddable":true,"href":"https:\/\/karivoo.com\/index.php\/wp-json\/wp\/v2\/product_brand?post=871"},{"taxonomy":"product_cat","embeddable":true,"href":"https:\/\/karivoo.com\/index.php\/wp-json\/wp\/v2\/product_cat?post=871"},{"taxonomy":"product_tag","embeddable":true,"href":"https:\/\/karivoo.com\/index.php\/wp-json\/wp\/v2\/product_tag?post=871"}],"curies":[{"name":"wp","href":"https:\/\/api.w.org\/{rel}","templated":true}]}}