{"id":864,"date":"2021-03-12T14:09:46","date_gmt":"2021-03-12T12:09:46","guid":{"rendered":"https:\/\/karivoo.com\/?post_type=product&#038;p=864"},"modified":"2025-02-05T21:59:13","modified_gmt":"2025-02-05T19:59:13","slug":"lampara-de-pared-luna-sonriente-retro-iluminada-a-pilas-con-mando-a-distancia","status":"publish","type":"product","link":"https:\/\/karivoo.com\/index.php\/producto\/lampara-de-pared-luna-sonriente-retro-iluminada-a-pilas-con-mando-a-distancia\/","title":{"rendered":"L\u00e1mpara de pared Luna sonriente retro iluminada a pilas con mando a distancia"},"content":{"rendered":"<p>[et_pb_section fb_built=&#8221;1&#8243; _builder_version=&#8221;4.16&#8243; custom_padding=&#8221;0px||||false|false&#8221; global_colors_info=&#8221;{}&#8221;][et_pb_row _builder_version=&#8221;4.16&#8243; background_size=&#8221;initial&#8221; background_position=&#8221;top_left&#8221; background_repeat=&#8221;repeat&#8221; width=&#8221;100%&#8221; custom_padding=&#8221;0px||0px||false|false&#8221; global_colors_info=&#8221;{}&#8221;][et_pb_column type=&#8221;4_4&#8243; _builder_version=&#8221;4.16&#8243; custom_padding=&#8221;|||&#8221; global_colors_info=&#8221;{}&#8221; custom_padding__hover=&#8221;|||&#8221;][et_pb_wc_breadcrumb _builder_version=&#8221;4.16&#8243; global_colors_info=&#8221;{}&#8221;][\/et_pb_wc_breadcrumb][et_pb_wc_cart_notice _builder_version=&#8221;4.16&#8243; global_colors_info=&#8221;{}&#8221;][\/et_pb_wc_cart_notice][\/et_pb_column][\/et_pb_row][et_pb_row column_structure=&#8221;1_2,1_2&#8243; _builder_version=&#8221;4.16&#8243; background_size=&#8221;initial&#8221; background_position=&#8221;top_left&#8221; background_repeat=&#8221;repeat&#8221; width=&#8221;100%&#8221; custom_padding=&#8221;0px||||false|false&#8221; global_colors_info=&#8221;{}&#8221;][et_pb_column type=&#8221;1_2&#8243; _builder_version=&#8221;4.16&#8243; custom_padding=&#8221;|||&#8221; global_colors_info=&#8221;{}&#8221; custom_padding__hover=&#8221;|||&#8221;][et_pb_wc_images _builder_version=&#8221;4.16&#8243; global_colors_info=&#8221;{}&#8221;][\/et_pb_wc_images][\/et_pb_column][et_pb_column type=&#8221;1_2&#8243; _builder_version=&#8221;4.16&#8243; custom_padding=&#8221;|||&#8221; global_colors_info=&#8221;{}&#8221; custom_padding__hover=&#8221;|||&#8221;][et_pb_wc_title _builder_version=&#8221;4.16&#8243; global_colors_info=&#8221;{}&#8221;][\/et_pb_wc_title][et_pb_wc_rating _builder_version=&#8221;4.16&#8243; global_colors_info=&#8221;{}&#8221;][\/et_pb_wc_rating][et_pb_wc_price _builder_version=&#8221;4.16&#8243; global_colors_info=&#8221;{}&#8221;][\/et_pb_wc_price][et_pb_wc_description _builder_version=&#8221;4.16&#8243; global_colors_info=&#8221;{}&#8221;][\/et_pb_wc_description][et_pb_wc_add_to_cart _builder_version=&#8221;4.16&#8243; global_colors_info=&#8221;{}&#8221;][\/et_pb_wc_add_to_cart][et_pb_wc_meta _builder_version=&#8221;4.16&#8243; global_colors_info=&#8221;{}&#8221;][\/et_pb_wc_meta][et_pb_text _builder_version=&#8221;4.16&#8243; _module_preset=&#8221;default&#8221; global_colors_info=&#8221;{}&#8221;]\u00b7 Env\u00edo <strong>GRATIS<\/strong> para pedidos superiores a 24\u20ac (IVA incluido)<br \/>\n\u00b7 4,95\u20ac de gastos de env\u00edo para pedidos inferiores a 24\u20ac (IVA incluido)<br \/>\n\u00b7 Entrega de 48 horas a 72 horas laborables en Espa\u00f1a peninsular[\/et_pb_text][\/et_pb_column][\/et_pb_row][et_pb_row _builder_version=&#8221;4.16&#8243; background_size=&#8221;initial&#8221; background_position=&#8221;top_left&#8221; background_repeat=&#8221;repeat&#8221; width=&#8221;100%&#8221; global_colors_info=&#8221;{}&#8221;][et_pb_column type=&#8221;4_4&#8243; _builder_version=&#8221;4.16&#8243; custom_padding=&#8221;|||&#8221; global_colors_info=&#8221;{}&#8221; custom_padding__hover=&#8221;|||&#8221;][et_pb_wc_tabs _builder_version=&#8221;4.16&#8243; global_colors_info=&#8221;{}&#8221;] [\/et_pb_wc_tabs][et_pb_wc_upsells _builder_version=&#8221;4.16&#8243; global_colors_info=&#8221;{}&#8221;][\/et_pb_wc_upsells][et_pb_wc_related_products _builder_version=&#8221;4.16&#8243; global_colors_info=&#8221;{}&#8221;][\/et_pb_wc_related_products][\/et_pb_column][\/et_pb_row][\/et_pb_section]<\/p>\n","protected":false},"excerpt":{"rendered":"<p>Presentamos nuestra l\u00e1mpara con forma de Luna sonriente para decorar el dormitorio o cualquier zona del hogar gracias a su dise\u00f1o alegre y desenfadado, dise\u00f1o exclusivo de Karivoo. Dispone de un tono mate muy agradable, que le da toque muy fino y elegante.<\/p>\n<p>Fabricada artesanalmente en Espa\u00f1a en madera blanca, incluye z\u00f3calo en la parte trasera para 3 pilas AA (No incluidas).<\/p>\n<p>La luz es controlada mediante tres opciones de funcionamiento:<\/p>\n<p>Opciones de funcionamiento:<\/p>\n<p>\u2022 Opci\u00f3n 1: Mediante su interruptor On\/Off muy discreto en la parte inferior trasera de la placa, podr\u00e1 ponerla en funcionamiento manualmente, su alimentaci\u00f3n es de 3 pilas AA <em>(no incluidas)<\/em>.<\/p>\n<p>\u2022 Opci\u00f3n 2: incluye transformador de corriente de 5V, con interruptor en el mismo cable de color blanco.<\/p>\n<p>\u2022 Opci\u00f3n 3: incluye transformador de corriente de 5V con interruptor y mando a distancia para encender, apagar y varios modos de luz.<\/p>\n<p>Dispone de luz LED c\u00e1lida retro iluminada de muy bajo consumo, con el objetivo de proporcionar una luz relajante, que tambi\u00e9n ayuda a conciliar el sue\u00f1o, muy \u00fatil para los m\u00e1s peque\u00f1os por servir como quitamiedos, ayudando as\u00ed a evitar los temidos terrores nocturnos. Gracias a su poco peso y soporte con 2 agujeros, se sujeta f\u00e1cilmente con tornillos o alcayatas (no incluidas), se incluye papel con plantilla para se\u00f1alar agujeros en la pared.<\/p>\n","protected":false},"featured_media":977,"comment_status":"open","ping_status":"closed","template":"","meta":{"_et_pb_use_builder":"on","_et_pb_old_content":"Fabricada artesanalmente en Espa\u00f1a en madera blanca de 3mm con un tono mate, soporte para colgar con dos agujeros, fabricado tambi\u00e9n de forma artesanal en madera contrachapada de chopo de 5mm.\r\n<ul>\r\n \t<li><span class=\"a-list-item\">Lampara retro iluminada artesanal fabricada en Espa\u00f1a<\/span><\/li>\r\n \t<li>3 Opciones de funcionamiento disponibles con los que podr\u00e1 retro iluminar la placa, resaltando especialmente los apellidos o nombres troquelados, proporcionando estilo y clase a su hogar. La iluminaci\u00f3n led c\u00e1lida, proporciona calidez y ayuda a la relajaci\u00f3n, teniendo un muy bajo consumo y una larga duraci\u00f3n con solo 3 pilas AA (no incluidas) en la Opci\u00f3n 1.<\/li>\r\n \t<li><span class=\"a-list-item\">Luz c\u00e1lida para crear un ambiente acogedor y relajante, muy recomendable como luz quitamiedos para los ni\u00f1os<\/span><\/li>\r\n \t<li><span class=\"a-list-item\">Incluye soporte de madera con dos agujeros para colgarla f\u00e1cilmente, funciona con 5v no existiendo riesgo de descarga el\u00e9ctrica.<\/span><\/li>\r\n \t<li><span class=\"a-list-item\">Contiene 12 LEDS para una mejor retro iluminaci\u00f3n que dibuje el contorno de la l\u00e1mpara<\/span><\/li>\r\n \t<li>Tama\u00f1o: 37,3 x 25cm<\/li>\r\n<\/ul>","_et_gb_content_width":""},"product_brand":[],"product_cat":[46],"product_tag":[],"class_list":{"0":"post-864","1":"product","2":"type-product","3":"status-publish","4":"has-post-thumbnail","6":"product_cat-lamparas-de-pared","8":"first","9":"instock","10":"sale","11":"featured","12":"taxable","13":"shipping-taxable","14":"purchasable","15":"product-type-simple"},"yoast_head":"<!-- This site is optimized with the Yoast SEO plugin v24.7 - https:\/\/yoast.com\/wordpress\/plugins\/seo\/ -->\n<title>L\u00e1mpara de pared Luna sonriente retro iluminada a pilas con mando a distancia - Karivoo<\/title>\n<meta name=\"robots\" content=\"index, follow, max-snippet:-1, max-image-preview:large, max-video-preview:-1\" \/>\n<link rel=\"canonical\" href=\"https:\/\/karivoo.com\/index.php\/producto\/lampara-de-pared-luna-sonriente-retro-iluminada-a-pilas-con-mando-a-distancia\/\" \/>\n<meta property=\"og:locale\" content=\"es_ES\" \/>\n<meta property=\"og:type\" content=\"article\" \/>\n<meta property=\"og:title\" content=\"L\u00e1mpara de pared Luna sonriente retro iluminada a pilas con mando a distancia - Karivoo\" \/>\n<meta property=\"og:description\" content=\"Presentamos nuestra l\u00e1mpara con forma de Luna sonriente para decorar el dormitorio o cualquier zona del hogar gracias a su dise\u00f1o alegre y desenfadado, dise\u00f1o exclusivo de Karivoo. Dispone de un tono mate muy agradable, que le da toque muy fino y elegante.  Fabricada artesanalmente en Espa\u00f1a en madera blanca, incluye z\u00f3calo en la parte trasera para 3 pilas AA (No incluidas).  La luz es controlada mediante tres opciones de funcionamiento:  Opciones de funcionamiento:  \u2022 Opci\u00f3n 1: Mediante su interruptor On\/Off muy discreto en la parte inferior trasera de la placa, podr\u00e1 ponerla en funcionamiento manualmente, su alimentaci\u00f3n es de 3 pilas AA (no incluidas).  \u2022 Opci\u00f3n 2: incluye transformador de corriente de 5V, con interruptor en el mismo cable de color blanco.  \u2022 Opci\u00f3n 3: incluye transformador de corriente de 5V con interruptor y mando a distancia para encender, apagar y varios modos de luz.  Dispone de luz LED c\u00e1lida retro iluminada de muy bajo consumo, con el objetivo de proporcionar una luz relajante, que tambi\u00e9n ayuda a conciliar el sue\u00f1o, muy \u00fatil para los m\u00e1s peque\u00f1os por servir como quitamiedos, ayudando as\u00ed a evitar los temidos terrores nocturnos. Gracias a su poco peso y soporte con 2 agujeros, se sujeta f\u00e1cilmente con tornillos o alcayatas (no incluidas), se incluye papel con plantilla para se\u00f1alar agujeros en la pared.\" \/>\n<meta property=\"og:url\" content=\"https:\/\/karivoo.com\/index.php\/producto\/lampara-de-pared-luna-sonriente-retro-iluminada-a-pilas-con-mando-a-distancia\/\" \/>\n<meta property=\"og:site_name\" content=\"Karivoo\" \/>\n<meta property=\"article:publisher\" content=\"https:\/\/www.facebook.com\/Karivoo-105245794677788\" \/>\n<meta property=\"article:modified_time\" content=\"2025-02-05T19:59:13+00:00\" \/>\n<meta property=\"og:image\" content=\"https:\/\/karivoo.com\/wp-content\/uploads\/2021\/03\/Lampara-Luna-dormitorio1.jpg\" \/>\n\t<meta property=\"og:image:width\" content=\"1910\" \/>\n\t<meta property=\"og:image:height\" content=\"1910\" \/>\n\t<meta property=\"og:image:type\" content=\"image\/jpeg\" \/>\n<meta name=\"twitter:card\" content=\"summary_large_image\" \/>\n<meta name=\"twitter:label1\" content=\"Tiempo de lectura\" \/>\n\t<meta name=\"twitter:data1\" content=\"1 minuto\" \/>\n<script type=\"application\/ld+json\" class=\"yoast-schema-graph\">{\"@context\":\"https:\/\/schema.org\",\"@graph\":[{\"@type\":\"WebPage\",\"@id\":\"https:\/\/karivoo.com\/index.php\/producto\/lampara-de-pared-luna-sonriente-retro-iluminada-a-pilas-con-mando-a-distancia\/\",\"url\":\"https:\/\/karivoo.com\/index.php\/producto\/lampara-de-pared-luna-sonriente-retro-iluminada-a-pilas-con-mando-a-distancia\/\",\"name\":\"L\u00e1mpara de pared Luna sonriente retro iluminada a pilas con mando a distancia - Karivoo\",\"isPartOf\":{\"@id\":\"https:\/\/karivoo.com\/#website\"},\"primaryImageOfPage\":{\"@id\":\"https:\/\/karivoo.com\/index.php\/producto\/lampara-de-pared-luna-sonriente-retro-iluminada-a-pilas-con-mando-a-distancia\/#primaryimage\"},\"image\":{\"@id\":\"https:\/\/karivoo.com\/index.php\/producto\/lampara-de-pared-luna-sonriente-retro-iluminada-a-pilas-con-mando-a-distancia\/#primaryimage\"},\"thumbnailUrl\":\"https:\/\/karivoo.com\/wp-content\/uploads\/2021\/03\/Lampara-Luna-dormitorio1.jpg\",\"datePublished\":\"2021-03-12T12:09:46+00:00\",\"dateModified\":\"2025-02-05T19:59:13+00:00\",\"breadcrumb\":{\"@id\":\"https:\/\/karivoo.com\/index.php\/producto\/lampara-de-pared-luna-sonriente-retro-iluminada-a-pilas-con-mando-a-distancia\/#breadcrumb\"},\"inLanguage\":\"es\",\"potentialAction\":[{\"@type\":\"ReadAction\",\"target\":[\"https:\/\/karivoo.com\/index.php\/producto\/lampara-de-pared-luna-sonriente-retro-iluminada-a-pilas-con-mando-a-distancia\/\"]}]},{\"@type\":\"ImageObject\",\"inLanguage\":\"es\",\"@id\":\"https:\/\/karivoo.com\/index.php\/producto\/lampara-de-pared-luna-sonriente-retro-iluminada-a-pilas-con-mando-a-distancia\/#primaryimage\",\"url\":\"https:\/\/karivoo.com\/wp-content\/uploads\/2021\/03\/Lampara-Luna-dormitorio1.jpg\",\"contentUrl\":\"https:\/\/karivoo.com\/wp-content\/uploads\/2021\/03\/Lampara-Luna-dormitorio1.jpg\",\"width\":1910,\"height\":1910,\"caption\":\"Blue child bedroom interior with free space for mockup, 3D rendering\"},{\"@type\":\"BreadcrumbList\",\"@id\":\"https:\/\/karivoo.com\/index.php\/producto\/lampara-de-pared-luna-sonriente-retro-iluminada-a-pilas-con-mando-a-distancia\/#breadcrumb\",\"itemListElement\":[{\"@type\":\"ListItem\",\"position\":1,\"name\":\"Portada\",\"item\":\"https:\/\/karivoo.com\/\"},{\"@type\":\"ListItem\",\"position\":2,\"name\":\"Tienda\",\"item\":\"https:\/\/karivoo.com\/index.php\/tienda\/\"},{\"@type\":\"ListItem\",\"position\":3,\"name\":\"L\u00e1mpara de pared Luna sonriente retro iluminada a pilas con mando a distancia\"}]},{\"@type\":\"WebSite\",\"@id\":\"https:\/\/karivoo.com\/#website\",\"url\":\"https:\/\/karivoo.com\/\",\"name\":\"Karivoo\",\"description\":\"Artesan\u00eda creativa de decoraci\u00f3n personalizada\",\"publisher\":{\"@id\":\"https:\/\/karivoo.com\/#organization\"},\"potentialAction\":[{\"@type\":\"SearchAction\",\"target\":{\"@type\":\"EntryPoint\",\"urlTemplate\":\"https:\/\/karivoo.com\/?s={search_term_string}\"},\"query-input\":{\"@type\":\"PropertyValueSpecification\",\"valueRequired\":true,\"valueName\":\"search_term_string\"}}],\"inLanguage\":\"es\"},{\"@type\":\"Organization\",\"@id\":\"https:\/\/karivoo.com\/#organization\",\"name\":\"KARIVOO\",\"url\":\"https:\/\/karivoo.com\/\",\"logo\":{\"@type\":\"ImageObject\",\"inLanguage\":\"es\",\"@id\":\"https:\/\/karivoo.com\/#\/schema\/logo\/image\/\",\"url\":\"https:\/\/karivoo.com\/wp-content\/uploads\/2020\/09\/karivoo_logo_cabecera3.png\",\"contentUrl\":\"https:\/\/karivoo.com\/wp-content\/uploads\/2020\/09\/karivoo_logo_cabecera3.png\",\"width\":600,\"height\":456,\"caption\":\"KARIVOO\"},\"image\":{\"@id\":\"https:\/\/karivoo.com\/#\/schema\/logo\/image\/\"},\"sameAs\":[\"https:\/\/www.facebook.com\/Karivoo-105245794677788\",\"https:\/\/www.instagram.com\/karivoo_com\/\"]}]}<\/script>\n<!-- \/ Yoast SEO plugin. -->","yoast_head_json":{"title":"L\u00e1mpara de pared Luna sonriente retro iluminada a pilas con mando a distancia - Karivoo","robots":{"index":"index","follow":"follow","max-snippet":"max-snippet:-1","max-image-preview":"max-image-preview:large","max-video-preview":"max-video-preview:-1"},"canonical":"https:\/\/karivoo.com\/index.php\/producto\/lampara-de-pared-luna-sonriente-retro-iluminada-a-pilas-con-mando-a-distancia\/","og_locale":"es_ES","og_type":"article","og_title":"L\u00e1mpara de pared Luna sonriente retro iluminada a pilas con mando a distancia - Karivoo","og_description":"Presentamos nuestra l\u00e1mpara con forma de Luna sonriente para decorar el dormitorio o cualquier zona del hogar gracias a su dise\u00f1o alegre y desenfadado, dise\u00f1o exclusivo de Karivoo. Dispone de un tono mate muy agradable, que le da toque muy fino y elegante.  Fabricada artesanalmente en Espa\u00f1a en madera blanca, incluye z\u00f3calo en la parte trasera para 3 pilas AA (No incluidas).  La luz es controlada mediante tres opciones de funcionamiento:  Opciones de funcionamiento:  \u2022 Opci\u00f3n 1: Mediante su interruptor On\/Off muy discreto en la parte inferior trasera de la placa, podr\u00e1 ponerla en funcionamiento manualmente, su alimentaci\u00f3n es de 3 pilas AA (no incluidas).  \u2022 Opci\u00f3n 2: incluye transformador de corriente de 5V, con interruptor en el mismo cable de color blanco.  \u2022 Opci\u00f3n 3: incluye transformador de corriente de 5V con interruptor y mando a distancia para encender, apagar y varios modos de luz.  Dispone de luz LED c\u00e1lida retro iluminada de muy bajo consumo, con el objetivo de proporcionar una luz relajante, que tambi\u00e9n ayuda a conciliar el sue\u00f1o, muy \u00fatil para los m\u00e1s peque\u00f1os por servir como quitamiedos, ayudando as\u00ed a evitar los temidos terrores nocturnos. Gracias a su poco peso y soporte con 2 agujeros, se sujeta f\u00e1cilmente con tornillos o alcayatas (no incluidas), se incluye papel con plantilla para se\u00f1alar agujeros en la pared.","og_url":"https:\/\/karivoo.com\/index.php\/producto\/lampara-de-pared-luna-sonriente-retro-iluminada-a-pilas-con-mando-a-distancia\/","og_site_name":"Karivoo","article_publisher":"https:\/\/www.facebook.com\/Karivoo-105245794677788","article_modified_time":"2025-02-05T19:59:13+00:00","og_image":[{"width":1910,"height":1910,"url":"https:\/\/karivoo.com\/wp-content\/uploads\/2021\/03\/Lampara-Luna-dormitorio1.jpg","type":"image\/jpeg"}],"twitter_card":"summary_large_image","twitter_misc":{"Tiempo de lectura":"1 minuto"},"schema":{"@context":"https:\/\/schema.org","@graph":[{"@type":"WebPage","@id":"https:\/\/karivoo.com\/index.php\/producto\/lampara-de-pared-luna-sonriente-retro-iluminada-a-pilas-con-mando-a-distancia\/","url":"https:\/\/karivoo.com\/index.php\/producto\/lampara-de-pared-luna-sonriente-retro-iluminada-a-pilas-con-mando-a-distancia\/","name":"L\u00e1mpara de pared Luna sonriente retro iluminada a pilas con mando a distancia - Karivoo","isPartOf":{"@id":"https:\/\/karivoo.com\/#website"},"primaryImageOfPage":{"@id":"https:\/\/karivoo.com\/index.php\/producto\/lampara-de-pared-luna-sonriente-retro-iluminada-a-pilas-con-mando-a-distancia\/#primaryimage"},"image":{"@id":"https:\/\/karivoo.com\/index.php\/producto\/lampara-de-pared-luna-sonriente-retro-iluminada-a-pilas-con-mando-a-distancia\/#primaryimage"},"thumbnailUrl":"https:\/\/karivoo.com\/wp-content\/uploads\/2021\/03\/Lampara-Luna-dormitorio1.jpg","datePublished":"2021-03-12T12:09:46+00:00","dateModified":"2025-02-05T19:59:13+00:00","breadcrumb":{"@id":"https:\/\/karivoo.com\/index.php\/producto\/lampara-de-pared-luna-sonriente-retro-iluminada-a-pilas-con-mando-a-distancia\/#breadcrumb"},"inLanguage":"es","potentialAction":[{"@type":"ReadAction","target":["https:\/\/karivoo.com\/index.php\/producto\/lampara-de-pared-luna-sonriente-retro-iluminada-a-pilas-con-mando-a-distancia\/"]}]},{"@type":"ImageObject","inLanguage":"es","@id":"https:\/\/karivoo.com\/index.php\/producto\/lampara-de-pared-luna-sonriente-retro-iluminada-a-pilas-con-mando-a-distancia\/#primaryimage","url":"https:\/\/karivoo.com\/wp-content\/uploads\/2021\/03\/Lampara-Luna-dormitorio1.jpg","contentUrl":"https:\/\/karivoo.com\/wp-content\/uploads\/2021\/03\/Lampara-Luna-dormitorio1.jpg","width":1910,"height":1910,"caption":"Blue child bedroom interior with free space for mockup, 3D rendering"},{"@type":"BreadcrumbList","@id":"https:\/\/karivoo.com\/index.php\/producto\/lampara-de-pared-luna-sonriente-retro-iluminada-a-pilas-con-mando-a-distancia\/#breadcrumb","itemListElement":[{"@type":"ListItem","position":1,"name":"Portada","item":"https:\/\/karivoo.com\/"},{"@type":"ListItem","position":2,"name":"Tienda","item":"https:\/\/karivoo.com\/index.php\/tienda\/"},{"@type":"ListItem","position":3,"name":"L\u00e1mpara de pared Luna sonriente retro iluminada a pilas con mando a distancia"}]},{"@type":"WebSite","@id":"https:\/\/karivoo.com\/#website","url":"https:\/\/karivoo.com\/","name":"Karivoo","description":"Artesan\u00eda creativa de decoraci\u00f3n personalizada","publisher":{"@id":"https:\/\/karivoo.com\/#organization"},"potentialAction":[{"@type":"SearchAction","target":{"@type":"EntryPoint","urlTemplate":"https:\/\/karivoo.com\/?s={search_term_string}"},"query-input":{"@type":"PropertyValueSpecification","valueRequired":true,"valueName":"search_term_string"}}],"inLanguage":"es"},{"@type":"Organization","@id":"https:\/\/karivoo.com\/#organization","name":"KARIVOO","url":"https:\/\/karivoo.com\/","logo":{"@type":"ImageObject","inLanguage":"es","@id":"https:\/\/karivoo.com\/#\/schema\/logo\/image\/","url":"https:\/\/karivoo.com\/wp-content\/uploads\/2020\/09\/karivoo_logo_cabecera3.png","contentUrl":"https:\/\/karivoo.com\/wp-content\/uploads\/2020\/09\/karivoo_logo_cabecera3.png","width":600,"height":456,"caption":"KARIVOO"},"image":{"@id":"https:\/\/karivoo.com\/#\/schema\/logo\/image\/"},"sameAs":["https:\/\/www.facebook.com\/Karivoo-105245794677788","https:\/\/www.instagram.com\/karivoo_com\/"]}]}},"tiered_pricing_type":"fixed","tiered_pricing_fixed_rules":[],"tiered_pricing_product_settings":{"layout":"default","base_unit_name":{"singular":null,"plural":null},"default_variation":null},"tiered_pricing_minimum_quantity":null,"tiered_pricing_roles_data":[],"tiered_pricing_percentage_rules":[],"_links":{"self":[{"href":"https:\/\/karivoo.com\/index.php\/wp-json\/wp\/v2\/product\/864","targetHints":{"allow":["GET"]}}],"collection":[{"href":"https:\/\/karivoo.com\/index.php\/wp-json\/wp\/v2\/product"}],"about":[{"href":"https:\/\/karivoo.com\/index.php\/wp-json\/wp\/v2\/types\/product"}],"replies":[{"embeddable":true,"href":"https:\/\/karivoo.com\/index.php\/wp-json\/wp\/v2\/comments?post=864"}],"wp:featuredmedia":[{"embeddable":true,"href":"https:\/\/karivoo.com\/index.php\/wp-json\/wp\/v2\/media\/977"}],"wp:attachment":[{"href":"https:\/\/karivoo.com\/index.php\/wp-json\/wp\/v2\/media?parent=864"}],"wp:term":[{"taxonomy":"product_brand","embeddable":true,"href":"https:\/\/karivoo.com\/index.php\/wp-json\/wp\/v2\/product_brand?post=864"},{"taxonomy":"product_cat","embeddable":true,"href":"https:\/\/karivoo.com\/index.php\/wp-json\/wp\/v2\/product_cat?post=864"},{"taxonomy":"product_tag","embeddable":true,"href":"https:\/\/karivoo.com\/index.php\/wp-json\/wp\/v2\/product_tag?post=864"}],"curies":[{"name":"wp","href":"https:\/\/api.w.org\/{rel}","templated":true}]}}