{"id":803,"date":"2021-02-22T19:07:23","date_gmt":"2021-02-22T17:07:23","guid":{"rendered":"https:\/\/karivoo.com\/?post_type=product&#038;p=803"},"modified":"2022-10-13T19:51:20","modified_gmt":"2022-10-13T17:51:20","slug":"caricatura-madera","status":"publish","type":"product","link":"https:\/\/karivoo.com\/index.php\/producto\/caricatura-madera\/","title":{"rendered":"Caricatura personalizada grabada en madera"},"content":{"rendered":"<p>[et_pb_section fb_built=&#8221;1&#8243; _builder_version=&#8221;4.6.3&#8243; width=&#8221;82%&#8221; module_alignment=&#8221;center&#8221; custom_padding=&#8221;0px||||false|false&#8221;][et_pb_row _builder_version=&#8221;3.25&#8243; background_size=&#8221;initial&#8221; background_position=&#8221;top_left&#8221; background_repeat=&#8221;repeat&#8221; width=&#8221;100%&#8221; custom_padding=&#8221;0px||0px||false|false&#8221;][et_pb_column type=&#8221;4_4&#8243; _builder_version=&#8221;3.25&#8243; custom_padding=&#8221;|||&#8221; custom_padding__hover=&#8221;|||&#8221;][et_pb_wc_breadcrumb _builder_version=&#8221;3.0.47&#8243;][\/et_pb_wc_breadcrumb][et_pb_wc_cart_notice _builder_version=&#8221;4.6.3&#8243; body_font_size=&#8221;16px&#8221; custom_button=&#8221;on&#8221; button_text_size=&#8221;16px&#8221; button_text_color=&#8221;#474747&#8243; button_bg_color=&#8221;#ffffff&#8221; button_custom_margin=&#8221;-14px||||false|false&#8221; button_custom_padding=&#8221;0px||||false|false&#8221; min_height=&#8221;70px&#8221; custom_padding=&#8221;15px|15px|0px|15px|false|false&#8221; button_bg_color__hover_enabled=&#8221;on|hover&#8221; button_bg_color__hover=&#8221;#c1dddd&#8221; button_bg_enable_color__hover=&#8221;on&#8221;][\/et_pb_wc_cart_notice][\/et_pb_column][\/et_pb_row][et_pb_row column_structure=&#8221;1_2,1_2&#8243; _builder_version=&#8221;4.6.3&#8243; background_size=&#8221;initial&#8221; background_position=&#8221;top_left&#8221; background_repeat=&#8221;repeat&#8221; width=&#8221;100%&#8221; height=&#8221;1000px&#8221; custom_margin=&#8221;|auto|-313px|auto|false|false&#8221; custom_padding=&#8221;0px||0px||false|false&#8221;][et_pb_column type=&#8221;1_2&#8243; _builder_version=&#8221;3.25&#8243; custom_padding=&#8221;|||&#8221; custom_padding__hover=&#8221;|||&#8221;][et_pb_wc_images force_fullwidth=&#8221;on&#8221; _builder_version=&#8221;4.6.3&#8243; min_height=&#8221;650px&#8221; height=&#8221;1000px&#8221; max_height=&#8221;1000px&#8221; custom_margin=&#8221;||-278px||false|false&#8221; custom_padding=&#8221;||0px|||&#8221;][\/et_pb_wc_images][\/et_pb_column][et_pb_column type=&#8221;1_2&#8243; _builder_version=&#8221;3.25&#8243; custom_padding=&#8221;|||&#8221; custom_padding__hover=&#8221;|||&#8221;][et_pb_wc_title _builder_version=&#8221;4.6.3&#8243; header_level=&#8221;h2&#8243; width=&#8221;100%&#8221;][\/et_pb_wc_title][et_pb_wc_rating _builder_version=&#8221;4.6.3&#8243; rating_text_color=&#8221;#007fe0&#8243; body_font_size=&#8221;15px&#8221;][\/et_pb_wc_rating][et_pb_wc_price _builder_version=&#8221;3.0.47&#8243;][\/et_pb_wc_price][et_pb_wc_description _builder_version=&#8221;3.0.47&#8243;][\/et_pb_wc_description][et_pb_wc_add_to_cart _builder_version=&#8221;4.6.3&#8243; fields_font_size=&#8221;15px&#8221; custom_button=&#8221;on&#8221; button_text_size=&#8221;15px&#8221; button_rel=&#8221;off|off|off|off|off&#8221; button_custom_margin=&#8221;1px||||false|false&#8221; button_custom_padding=&#8221;8px||||false|false&#8221; custom_margin=&#8221;||40px||false|false&#8221; custom_padding=&#8221;1px||0px||false|false&#8221; fields_font_size_tablet=&#8221;&#8221; fields_font_size_phone=&#8221;&#8221; fields_font_size_last_edited=&#8221;on|desktop&#8221; fields_custom_padding__hover_enabled=&#8221;on|desktop&#8221;][\/et_pb_wc_add_to_cart][et_pb_wc_meta _builder_version=&#8221;3.0.47&#8243;][\/et_pb_wc_meta][et_pb_text _builder_version=&#8221;4.9.0&#8243; _module_preset=&#8221;default&#8221;]<\/p>\n<p>\u00b7 Env\u00edo <strong>GRATIS<\/strong> para pedidos superiores a 24\u20ac (IVA incluido)<br \/>\u00b7 4,95\u20ac de gastos de env\u00edo para pedidos inferiores a 24\u20ac (IVA incluido)<br \/>\u00b7 Elaboraci\u00f3n y entrega en aproximadamente 5 d\u00edas laborales.<\/p>\n<p>[\/et_pb_text][\/et_pb_column][\/et_pb_row][et_pb_row _builder_version=&#8221;3.25&#8243; background_size=&#8221;initial&#8221; background_position=&#8221;top_left&#8221; background_repeat=&#8221;repeat&#8221; width=&#8221;100%&#8221; min_height=&#8221;707px&#8221; custom_margin=&#8221;-164px|auto||auto||&#8221; custom_padding=&#8221;||0px|||&#8221;][et_pb_column type=&#8221;4_4&#8243; _builder_version=&#8221;3.25&#8243; custom_padding=&#8221;|||&#8221; custom_padding__hover=&#8221;|||&#8221;][et_pb_wc_tabs _builder_version=&#8221;3.0.47&#8243; min_height=&#8221;41px&#8221;] [\/et_pb_wc_tabs][et_pb_wc_upsells _builder_version=&#8221;3.0.47&#8243;][\/et_pb_wc_upsells][et_pb_wc_related_products _builder_version=&#8221;3.0.47&#8243;][\/et_pb_wc_related_products][\/et_pb_column][\/et_pb_row][\/et_pb_section]<\/p>\n","protected":false},"excerpt":{"rendered":"<p>Pon un punto de humor en tu hogar, regala una caricatura grabada en madera de bosque sostenible. Sea para la ocasi\u00f3n o evento que sea, este es un art\u00edculo personalizado y \u00fanico, que adem\u00e1s incluye marco hecho a mano con tratamiento libre de t\u00f3xicos. Tama\u00f1os 30,5 x 21 cm. y 58 x 40 cm (vertical o apaisado seg\u00fan foto). Solamente necesitamos que nos env\u00ede una fotograf\u00eda que se vea bien a los personajes y como opci\u00f3n, podr\u00e1 insertar nombres o texto en el grabado. El precio m\u00ednimo de cada tama\u00f1o incluye 2 personajes (personas o mascotas), para agregar a m\u00e1s personajes tendr\u00e1 que indicarlo en la selecci\u00f3n del producto.<\/p>\n<p>Una vez finalizado el pedido, deber\u00e1 de responder a la hoja de pedido en su email con la fotograf\u00eda de los personajes a crear.<\/p>\n<p>** Para m\u00e1s de 5 personajes contacte con nosotros.<\/p>\n<p><em>*La fotograf\u00eda de la pareja de ejemplo ha sido creada por wayhomestudio &#8211; freepik .es<\/em><\/p>\n<p>&nbsp;<\/p>\n","protected":false},"featured_media":806,"comment_status":"open","ping_status":"closed","template":"","meta":{"_et_pb_use_builder":"on","_et_pb_old_content":"<ul>\r\n \t<li>Caricatura grabada en madera natural.<\/li>\r\n \t<li>Regalo exclusivo y original.<\/li>\r\n \t<li>Fabricado artesanalmente con materiales respetuosos con el medio ambiente.<\/li>\r\n \t<li>Tama\u00f1os: 30,5 x 21 cm y 58 x 40 cm<\/li>\r\n \t<li>Dos personajes incluidos en el precio con opci\u00f3n de a\u00f1adir m\u00e1s.<\/li>\r\n<\/ul>","_et_gb_content_width":""},"product_brand":[],"product_cat":[43,31],"product_tag":[],"class_list":{"0":"post-803","1":"product","2":"type-product","3":"status-publish","4":"has-post-thumbnail","6":"product_cat-caricaturas-en-madera","7":"product_cat-accesorios","8":"product_shipping_class-envios-gratuitos-a-partir-de-22e","10":"first","11":"instock","12":"featured","13":"taxable","14":"shipping-taxable","15":"purchasable","16":"product-type-variable"},"yoast_head":"<!-- This site is optimized with the Yoast SEO plugin v24.7 - https:\/\/yoast.com\/wordpress\/plugins\/seo\/ -->\n<title>Caricatura personalizada grabada en madera - Karivoo<\/title>\n<meta name=\"robots\" content=\"index, follow, max-snippet:-1, max-image-preview:large, max-video-preview:-1\" \/>\n<link rel=\"canonical\" href=\"https:\/\/karivoo.com\/index.php\/producto\/caricatura-madera\/\" \/>\n<meta property=\"og:locale\" content=\"es_ES\" \/>\n<meta property=\"og:type\" content=\"article\" \/>\n<meta property=\"og:title\" content=\"Caricatura personalizada grabada en madera - Karivoo\" \/>\n<meta property=\"og:description\" content=\"Pon un punto de humor en tu hogar, regala una caricatura grabada en madera de bosque sostenible. Sea para la ocasi\u00f3n o evento que sea, este es un art\u00edculo personalizado y \u00fanico, que adem\u00e1s incluye marco hecho a mano con tratamiento libre de t\u00f3xicos. Tama\u00f1os 30,5 x 21 cm. y 58 x 40 cm (vertical o apaisado seg\u00fan foto). Solamente necesitamos que nos env\u00ede una fotograf\u00eda que se vea bien a los personajes y como opci\u00f3n, podr\u00e1 insertar nombres o texto en el grabado. El precio m\u00ednimo de cada tama\u00f1o incluye 2 personajes (personas o mascotas), para agregar a m\u00e1s personajes tendr\u00e1 que indicarlo en la selecci\u00f3n del producto.  Una vez finalizado el pedido, deber\u00e1 de responder a la hoja de pedido en su email con la fotograf\u00eda de los personajes a crear.  ** Para m\u00e1s de 5 personajes contacte con nosotros.  *La fotograf\u00eda de la pareja de ejemplo ha sido creada por wayhomestudio - freepik .es  &nbsp;\" \/>\n<meta property=\"og:url\" content=\"https:\/\/karivoo.com\/index.php\/producto\/caricatura-madera\/\" \/>\n<meta property=\"og:site_name\" content=\"Karivoo\" \/>\n<meta property=\"article:publisher\" content=\"https:\/\/www.facebook.com\/Karivoo-105245794677788\" \/>\n<meta property=\"article:modified_time\" content=\"2022-10-13T17:51:20+00:00\" \/>\n<meta property=\"og:image\" content=\"https:\/\/karivoo.com\/wp-content\/uploads\/2021\/02\/The-Beatles2.jpg\" \/>\n\t<meta property=\"og:image:width\" content=\"2228\" \/>\n\t<meta property=\"og:image:height\" content=\"2228\" \/>\n\t<meta property=\"og:image:type\" content=\"image\/jpeg\" \/>\n<meta name=\"twitter:card\" content=\"summary_large_image\" \/>\n<meta name=\"twitter:label1\" content=\"Tiempo de lectura\" \/>\n\t<meta name=\"twitter:data1\" content=\"1 minuto\" \/>\n<script type=\"application\/ld+json\" class=\"yoast-schema-graph\">{\"@context\":\"https:\/\/schema.org\",\"@graph\":[{\"@type\":\"WebPage\",\"@id\":\"https:\/\/karivoo.com\/index.php\/producto\/caricatura-madera\/\",\"url\":\"https:\/\/karivoo.com\/index.php\/producto\/caricatura-madera\/\",\"name\":\"Caricatura personalizada grabada en madera - Karivoo\",\"isPartOf\":{\"@id\":\"https:\/\/karivoo.com\/#website\"},\"primaryImageOfPage\":{\"@id\":\"https:\/\/karivoo.com\/index.php\/producto\/caricatura-madera\/#primaryimage\"},\"image\":{\"@id\":\"https:\/\/karivoo.com\/index.php\/producto\/caricatura-madera\/#primaryimage\"},\"thumbnailUrl\":\"https:\/\/karivoo.com\/wp-content\/uploads\/2021\/02\/The-Beatles2.jpg\",\"datePublished\":\"2021-02-22T17:07:23+00:00\",\"dateModified\":\"2022-10-13T17:51:20+00:00\",\"breadcrumb\":{\"@id\":\"https:\/\/karivoo.com\/index.php\/producto\/caricatura-madera\/#breadcrumb\"},\"inLanguage\":\"es\",\"potentialAction\":[{\"@type\":\"ReadAction\",\"target\":[\"https:\/\/karivoo.com\/index.php\/producto\/caricatura-madera\/\"]}]},{\"@type\":\"ImageObject\",\"inLanguage\":\"es\",\"@id\":\"https:\/\/karivoo.com\/index.php\/producto\/caricatura-madera\/#primaryimage\",\"url\":\"https:\/\/karivoo.com\/wp-content\/uploads\/2021\/02\/The-Beatles2.jpg\",\"contentUrl\":\"https:\/\/karivoo.com\/wp-content\/uploads\/2021\/02\/The-Beatles2.jpg\",\"width\":2228,\"height\":2228,\"caption\":\"Cabinets and wall for tv in living room, Mockup white wall,3D rendering\"},{\"@type\":\"BreadcrumbList\",\"@id\":\"https:\/\/karivoo.com\/index.php\/producto\/caricatura-madera\/#breadcrumb\",\"itemListElement\":[{\"@type\":\"ListItem\",\"position\":1,\"name\":\"Portada\",\"item\":\"https:\/\/karivoo.com\/\"},{\"@type\":\"ListItem\",\"position\":2,\"name\":\"Tienda\",\"item\":\"https:\/\/karivoo.com\/index.php\/tienda\/\"},{\"@type\":\"ListItem\",\"position\":3,\"name\":\"Caricatura personalizada grabada en madera\"}]},{\"@type\":\"WebSite\",\"@id\":\"https:\/\/karivoo.com\/#website\",\"url\":\"https:\/\/karivoo.com\/\",\"name\":\"Karivoo\",\"description\":\"Artesan\u00eda creativa de decoraci\u00f3n personalizada\",\"publisher\":{\"@id\":\"https:\/\/karivoo.com\/#organization\"},\"potentialAction\":[{\"@type\":\"SearchAction\",\"target\":{\"@type\":\"EntryPoint\",\"urlTemplate\":\"https:\/\/karivoo.com\/?s={search_term_string}\"},\"query-input\":{\"@type\":\"PropertyValueSpecification\",\"valueRequired\":true,\"valueName\":\"search_term_string\"}}],\"inLanguage\":\"es\"},{\"@type\":\"Organization\",\"@id\":\"https:\/\/karivoo.com\/#organization\",\"name\":\"KARIVOO\",\"url\":\"https:\/\/karivoo.com\/\",\"logo\":{\"@type\":\"ImageObject\",\"inLanguage\":\"es\",\"@id\":\"https:\/\/karivoo.com\/#\/schema\/logo\/image\/\",\"url\":\"https:\/\/karivoo.com\/wp-content\/uploads\/2020\/09\/karivoo_logo_cabecera3.png\",\"contentUrl\":\"https:\/\/karivoo.com\/wp-content\/uploads\/2020\/09\/karivoo_logo_cabecera3.png\",\"width\":600,\"height\":456,\"caption\":\"KARIVOO\"},\"image\":{\"@id\":\"https:\/\/karivoo.com\/#\/schema\/logo\/image\/\"},\"sameAs\":[\"https:\/\/www.facebook.com\/Karivoo-105245794677788\",\"https:\/\/www.instagram.com\/karivoo_com\/\"]}]}<\/script>\n<!-- \/ Yoast SEO plugin. -->","yoast_head_json":{"title":"Caricatura personalizada grabada en madera - Karivoo","robots":{"index":"index","follow":"follow","max-snippet":"max-snippet:-1","max-image-preview":"max-image-preview:large","max-video-preview":"max-video-preview:-1"},"canonical":"https:\/\/karivoo.com\/index.php\/producto\/caricatura-madera\/","og_locale":"es_ES","og_type":"article","og_title":"Caricatura personalizada grabada en madera - Karivoo","og_description":"Pon un punto de humor en tu hogar, regala una caricatura grabada en madera de bosque sostenible. Sea para la ocasi\u00f3n o evento que sea, este es un art\u00edculo personalizado y \u00fanico, que adem\u00e1s incluye marco hecho a mano con tratamiento libre de t\u00f3xicos. Tama\u00f1os 30,5 x 21 cm. y 58 x 40 cm (vertical o apaisado seg\u00fan foto). Solamente necesitamos que nos env\u00ede una fotograf\u00eda que se vea bien a los personajes y como opci\u00f3n, podr\u00e1 insertar nombres o texto en el grabado. El precio m\u00ednimo de cada tama\u00f1o incluye 2 personajes (personas o mascotas), para agregar a m\u00e1s personajes tendr\u00e1 que indicarlo en la selecci\u00f3n del producto.  Una vez finalizado el pedido, deber\u00e1 de responder a la hoja de pedido en su email con la fotograf\u00eda de los personajes a crear.  ** Para m\u00e1s de 5 personajes contacte con nosotros.  *La fotograf\u00eda de la pareja de ejemplo ha sido creada por wayhomestudio - freepik .es  &nbsp;","og_url":"https:\/\/karivoo.com\/index.php\/producto\/caricatura-madera\/","og_site_name":"Karivoo","article_publisher":"https:\/\/www.facebook.com\/Karivoo-105245794677788","article_modified_time":"2022-10-13T17:51:20+00:00","og_image":[{"width":2228,"height":2228,"url":"https:\/\/karivoo.com\/wp-content\/uploads\/2021\/02\/The-Beatles2.jpg","type":"image\/jpeg"}],"twitter_card":"summary_large_image","twitter_misc":{"Tiempo de lectura":"1 minuto"},"schema":{"@context":"https:\/\/schema.org","@graph":[{"@type":"WebPage","@id":"https:\/\/karivoo.com\/index.php\/producto\/caricatura-madera\/","url":"https:\/\/karivoo.com\/index.php\/producto\/caricatura-madera\/","name":"Caricatura personalizada grabada en madera - Karivoo","isPartOf":{"@id":"https:\/\/karivoo.com\/#website"},"primaryImageOfPage":{"@id":"https:\/\/karivoo.com\/index.php\/producto\/caricatura-madera\/#primaryimage"},"image":{"@id":"https:\/\/karivoo.com\/index.php\/producto\/caricatura-madera\/#primaryimage"},"thumbnailUrl":"https:\/\/karivoo.com\/wp-content\/uploads\/2021\/02\/The-Beatles2.jpg","datePublished":"2021-02-22T17:07:23+00:00","dateModified":"2022-10-13T17:51:20+00:00","breadcrumb":{"@id":"https:\/\/karivoo.com\/index.php\/producto\/caricatura-madera\/#breadcrumb"},"inLanguage":"es","potentialAction":[{"@type":"ReadAction","target":["https:\/\/karivoo.com\/index.php\/producto\/caricatura-madera\/"]}]},{"@type":"ImageObject","inLanguage":"es","@id":"https:\/\/karivoo.com\/index.php\/producto\/caricatura-madera\/#primaryimage","url":"https:\/\/karivoo.com\/wp-content\/uploads\/2021\/02\/The-Beatles2.jpg","contentUrl":"https:\/\/karivoo.com\/wp-content\/uploads\/2021\/02\/The-Beatles2.jpg","width":2228,"height":2228,"caption":"Cabinets and wall for tv in living room, Mockup white wall,3D rendering"},{"@type":"BreadcrumbList","@id":"https:\/\/karivoo.com\/index.php\/producto\/caricatura-madera\/#breadcrumb","itemListElement":[{"@type":"ListItem","position":1,"name":"Portada","item":"https:\/\/karivoo.com\/"},{"@type":"ListItem","position":2,"name":"Tienda","item":"https:\/\/karivoo.com\/index.php\/tienda\/"},{"@type":"ListItem","position":3,"name":"Caricatura personalizada grabada en madera"}]},{"@type":"WebSite","@id":"https:\/\/karivoo.com\/#website","url":"https:\/\/karivoo.com\/","name":"Karivoo","description":"Artesan\u00eda creativa de decoraci\u00f3n personalizada","publisher":{"@id":"https:\/\/karivoo.com\/#organization"},"potentialAction":[{"@type":"SearchAction","target":{"@type":"EntryPoint","urlTemplate":"https:\/\/karivoo.com\/?s={search_term_string}"},"query-input":{"@type":"PropertyValueSpecification","valueRequired":true,"valueName":"search_term_string"}}],"inLanguage":"es"},{"@type":"Organization","@id":"https:\/\/karivoo.com\/#organization","name":"KARIVOO","url":"https:\/\/karivoo.com\/","logo":{"@type":"ImageObject","inLanguage":"es","@id":"https:\/\/karivoo.com\/#\/schema\/logo\/image\/","url":"https:\/\/karivoo.com\/wp-content\/uploads\/2020\/09\/karivoo_logo_cabecera3.png","contentUrl":"https:\/\/karivoo.com\/wp-content\/uploads\/2020\/09\/karivoo_logo_cabecera3.png","width":600,"height":456,"caption":"KARIVOO"},"image":{"@id":"https:\/\/karivoo.com\/#\/schema\/logo\/image\/"},"sameAs":["https:\/\/www.facebook.com\/Karivoo-105245794677788","https:\/\/www.instagram.com\/karivoo_com\/"]}]}},"tiered_pricing_type":"fixed","tiered_pricing_fixed_rules":[],"tiered_pricing_product_settings":{"layout":"default","base_unit_name":{"singular":null,"plural":null},"default_variation":null},"tiered_pricing_minimum_quantity":null,"tiered_pricing_roles_data":[],"tiered_pricing_percentage_rules":[],"_links":{"self":[{"href":"https:\/\/karivoo.com\/index.php\/wp-json\/wp\/v2\/product\/803","targetHints":{"allow":["GET"]}}],"collection":[{"href":"https:\/\/karivoo.com\/index.php\/wp-json\/wp\/v2\/product"}],"about":[{"href":"https:\/\/karivoo.com\/index.php\/wp-json\/wp\/v2\/types\/product"}],"replies":[{"embeddable":true,"href":"https:\/\/karivoo.com\/index.php\/wp-json\/wp\/v2\/comments?post=803"}],"wp:featuredmedia":[{"embeddable":true,"href":"https:\/\/karivoo.com\/index.php\/wp-json\/wp\/v2\/media\/806"}],"wp:attachment":[{"href":"https:\/\/karivoo.com\/index.php\/wp-json\/wp\/v2\/media?parent=803"}],"wp:term":[{"taxonomy":"product_brand","embeddable":true,"href":"https:\/\/karivoo.com\/index.php\/wp-json\/wp\/v2\/product_brand?post=803"},{"taxonomy":"product_cat","embeddable":true,"href":"https:\/\/karivoo.com\/index.php\/wp-json\/wp\/v2\/product_cat?post=803"},{"taxonomy":"product_tag","embeddable":true,"href":"https:\/\/karivoo.com\/index.php\/wp-json\/wp\/v2\/product_tag?post=803"}],"curies":[{"name":"wp","href":"https:\/\/api.w.org\/{rel}","templated":true}]}}