{"id":721,"date":"2020-12-22T20:58:10","date_gmt":"2020-12-22T18:58:10","guid":{"rendered":"https:\/\/karivoo.com\/?post_type=product&#038;p=721"},"modified":"2025-03-24T21:59:08","modified_gmt":"2025-03-24T19:59:08","slug":"lamparas-metacrilato-personalizadas-con-base-led-control-remoto","status":"publish","type":"product","link":"https:\/\/karivoo.com\/index.php\/producto\/lamparas-metacrilato-personalizadas-con-base-led-control-remoto\/","title":{"rendered":"L\u00e1mparas metacrilato personalizada con el dise\u00f1o que desee base led y mando a distancia incluido"},"content":{"rendered":"<p>[et_pb_section fb_built=&#8221;1&#8243; _builder_version=&#8221;3.22&#8243; custom_padding=&#8221;0px||||false|false&#8221;][et_pb_row _builder_version=&#8221;3.25&#8243; background_size=&#8221;initial&#8221; background_position=&#8221;top_left&#8221; background_repeat=&#8221;repeat&#8221; width=&#8221;100%&#8221; custom_padding=&#8221;0px||0px||false|false&#8221;][et_pb_column type=&#8221;4_4&#8243; _builder_version=&#8221;3.25&#8243; custom_padding=&#8221;|||&#8221; custom_padding__hover=&#8221;|||&#8221;][et_pb_wc_breadcrumb _builder_version=&#8221;3.0.47&#8243;][\/et_pb_wc_breadcrumb][et_pb_wc_cart_notice _builder_version=&#8221;3.0.47&#8243;][\/et_pb_wc_cart_notice][\/et_pb_column][\/et_pb_row][et_pb_row column_structure=&#8221;1_2,1_2&#8243; _builder_version=&#8221;3.25&#8243; background_size=&#8221;initial&#8221; background_position=&#8221;top_left&#8221; background_repeat=&#8221;repeat&#8221; width=&#8221;100%&#8221; custom_padding=&#8221;0px||||false|false&#8221;][et_pb_column type=&#8221;1_2&#8243; _builder_version=&#8221;3.25&#8243; custom_padding=&#8221;|||&#8221; custom_padding__hover=&#8221;|||&#8221;][et_pb_wc_images _builder_version=&#8221;3.0.47&#8243;][\/et_pb_wc_images][\/et_pb_column][et_pb_column type=&#8221;1_2&#8243; _builder_version=&#8221;3.25&#8243; custom_padding=&#8221;|||&#8221; custom_padding__hover=&#8221;|||&#8221;][et_pb_wc_title _builder_version=&#8221;3.0.47&#8243;][\/et_pb_wc_title][et_pb_wc_rating _builder_version=&#8221;3.0.47&#8243;][\/et_pb_wc_rating][et_pb_wc_price _builder_version=&#8221;3.0.47&#8243;][\/et_pb_wc_price][et_pb_wc_description _builder_version=&#8221;3.0.47&#8243;][\/et_pb_wc_description][et_pb_wc_add_to_cart _builder_version=&#8221;3.0.47&#8243;][\/et_pb_wc_add_to_cart][et_pb_wc_meta _builder_version=&#8221;3.0.47&#8243;][\/et_pb_wc_meta][et_pb_text _builder_version=&#8221;4.7.7&#8243; _module_preset=&#8221;default&#8221;]\u00b7 Env\u00edo <strong>GRATIS<\/strong> para pedidos superiores a 24\u20ac (IVA incluido)<br \/>\n\u00b7 4,95\u20ac de gastos de env\u00edo para pedidos inferiores a 24\u20ac (IVA incluido)<br \/>\n\u00b7 Entrega de 48 horas a 72 horas laborables en Espa\u00f1a peninsular<br \/>\n[\/et_pb_text][\/et_pb_column][\/et_pb_row][et_pb_row _builder_version=&#8221;3.25&#8243; background_size=&#8221;initial&#8221; background_position=&#8221;top_left&#8221; background_repeat=&#8221;repeat&#8221; width=&#8221;100%&#8221;][et_pb_column type=&#8221;4_4&#8243; _builder_version=&#8221;3.25&#8243; custom_padding=&#8221;|||&#8221; custom_padding__hover=&#8221;|||&#8221;][et_pb_wc_tabs _builder_version=&#8221;3.0.47&#8243;] [\/et_pb_wc_tabs][et_pb_wc_upsells _builder_version=&#8221;3.0.47&#8243;][\/et_pb_wc_upsells][et_pb_wc_related_products _builder_version=&#8221;3.0.47&#8243;][\/et_pb_wc_related_products][\/et_pb_column][\/et_pb_row][\/et_pb_section]<\/p>\n","protected":false},"excerpt":{"rendered":"<p>L\u00e1mpara de metacrilato personalizada con imagen, logotipo y texto proporcionado por el cliente, tambi\u00e9n puede elegir uno de los modelos mostrados en las im\u00e1genes del producto.<\/p>\n<p>Es el regalo perfecto para adornar e iluminar cualquier estancia del hogar. Tiene funci\u00f3n movimiento cambiando de color lentamente o seleccionando el que m\u00e1s le guste desde el mando a distancia incluido.<\/p>\n<h5><strong>Instrucciones:<\/strong><\/h5>\n<p>Una vez comprado, nos pondremos en contacto con usted por email para que nos env\u00ede la imagen a grabar. A ser posible las im\u00e1genes ir\u00e1n en formato vectorial (eps, ai, dxf&#8230;), si no fuese posible, deber\u00e1 enviarnos la imagen en alta resoluci\u00f3n, deber\u00e1 ser una imagen tipo dibujo en l\u00edneas definidas.<\/p>\n<p><em>*Karivoo no se hace responsable de la reproducci\u00f3n de im\u00e1genes, textos o logotipos registrados por otros propietarios proporcionadas por los clientes. Antes de adquirir el producto y enviar im\u00e1genes inf\u00f3rmese sobre la autor\u00eda y derechos de la imagen a reproducir.<\/em><\/p>\n","protected":false},"featured_media":1118,"comment_status":"open","ping_status":"closed","template":"","meta":{"_et_pb_use_builder":"on","_et_pb_old_content":"Se compone de placa de metacrilato de alta calidad de 4mm de grosor grabada, base led con control remoto y cable usb para conectar a cualquier cargador de m\u00f3vil de 12v.\r\n\r\nTambi\u00e9n tiene opci\u00f3n de pilas, no incluye conector USB 12v (vale cualquier cargador 12v de carga normal, no r\u00e1pida).\r\n\r\n&nbsp;","_et_gb_content_width":""},"product_brand":[],"product_cat":[39],"product_tag":[],"class_list":{"0":"post-721","1":"product","2":"type-product","3":"status-publish","4":"has-post-thumbnail","6":"product_cat-lampara-metacrilato-personalizada","8":"first","9":"instock","10":"sale","11":"featured","12":"taxable","13":"shipping-taxable","14":"purchasable","15":"product-type-simple"},"yoast_head":"<!-- This site is optimized with the Yoast SEO plugin v24.7 - https:\/\/yoast.com\/wordpress\/plugins\/seo\/ -->\n<title>L\u00e1mparas metacrilato personalizada con el dise\u00f1o que desee base led y mando a distancia incluido - Karivoo<\/title>\n<meta name=\"robots\" content=\"index, follow, max-snippet:-1, max-image-preview:large, max-video-preview:-1\" \/>\n<link rel=\"canonical\" href=\"https:\/\/karivoo.com\/index.php\/producto\/lamparas-metacrilato-personalizadas-con-base-led-control-remoto\/\" \/>\n<meta property=\"og:locale\" content=\"es_ES\" \/>\n<meta property=\"og:type\" content=\"article\" \/>\n<meta property=\"og:title\" content=\"L\u00e1mparas metacrilato personalizada con el dise\u00f1o que desee base led y mando a distancia incluido - Karivoo\" \/>\n<meta property=\"og:description\" content=\"L\u00e1mpara de metacrilato personalizada con imagen, logotipo y texto proporcionado por el cliente, tambi\u00e9n puede elegir uno de los modelos mostrados en las im\u00e1genes del producto.  Es el regalo perfecto para adornar e iluminar cualquier estancia del hogar. Tiene funci\u00f3n movimiento cambiando de color lentamente o seleccionando el que m\u00e1s le guste desde el mando a distancia incluido. Instrucciones: Una vez comprado, nos pondremos en contacto con usted por email para que nos env\u00ede la imagen a grabar. A ser posible las im\u00e1genes ir\u00e1n en formato vectorial (eps, ai, dxf...), si no fuese posible, deber\u00e1 enviarnos la imagen en alta resoluci\u00f3n, deber\u00e1 ser una imagen tipo dibujo en l\u00edneas definidas.  *Karivoo no se hace responsable de la reproducci\u00f3n de im\u00e1genes, textos o logotipos registrados por otros propietarios proporcionadas por los clientes. Antes de adquirir el producto y enviar im\u00e1genes inf\u00f3rmese sobre la autor\u00eda y derechos de la imagen a reproducir.\" \/>\n<meta property=\"og:url\" content=\"https:\/\/karivoo.com\/index.php\/producto\/lamparas-metacrilato-personalizadas-con-base-led-control-remoto\/\" \/>\n<meta property=\"og:site_name\" content=\"Karivoo\" \/>\n<meta property=\"article:publisher\" content=\"https:\/\/www.facebook.com\/Karivoo-105245794677788\" \/>\n<meta property=\"article:modified_time\" content=\"2025-03-24T19:59:08+00:00\" \/>\n<meta property=\"og:image\" content=\"https:\/\/karivoo.com\/wp-content\/uploads\/2020\/12\/sen\u0303o-rosalia.jpg\" \/>\n\t<meta property=\"og:image:width\" content=\"850\" \/>\n\t<meta property=\"og:image:height\" content=\"1134\" \/>\n\t<meta property=\"og:image:type\" content=\"image\/jpeg\" \/>\n<meta name=\"twitter:card\" content=\"summary_large_image\" \/>\n<meta name=\"twitter:label1\" content=\"Tiempo de lectura\" \/>\n\t<meta name=\"twitter:data1\" content=\"2 minutos\" \/>\n<script type=\"application\/ld+json\" class=\"yoast-schema-graph\">{\"@context\":\"https:\/\/schema.org\",\"@graph\":[{\"@type\":\"WebPage\",\"@id\":\"https:\/\/karivoo.com\/index.php\/producto\/lamparas-metacrilato-personalizadas-con-base-led-control-remoto\/\",\"url\":\"https:\/\/karivoo.com\/index.php\/producto\/lamparas-metacrilato-personalizadas-con-base-led-control-remoto\/\",\"name\":\"L\u00e1mparas metacrilato personalizada con el dise\u00f1o que desee base led y mando a distancia incluido - Karivoo\",\"isPartOf\":{\"@id\":\"https:\/\/karivoo.com\/#website\"},\"primaryImageOfPage\":{\"@id\":\"https:\/\/karivoo.com\/index.php\/producto\/lamparas-metacrilato-personalizadas-con-base-led-control-remoto\/#primaryimage\"},\"image\":{\"@id\":\"https:\/\/karivoo.com\/index.php\/producto\/lamparas-metacrilato-personalizadas-con-base-led-control-remoto\/#primaryimage\"},\"thumbnailUrl\":\"https:\/\/karivoo.com\/wp-content\/uploads\/2020\/12\/sen\u0303o-rosalia.jpg\",\"datePublished\":\"2020-12-22T18:58:10+00:00\",\"dateModified\":\"2025-03-24T19:59:08+00:00\",\"breadcrumb\":{\"@id\":\"https:\/\/karivoo.com\/index.php\/producto\/lamparas-metacrilato-personalizadas-con-base-led-control-remoto\/#breadcrumb\"},\"inLanguage\":\"es\",\"potentialAction\":[{\"@type\":\"ReadAction\",\"target\":[\"https:\/\/karivoo.com\/index.php\/producto\/lamparas-metacrilato-personalizadas-con-base-led-control-remoto\/\"]}]},{\"@type\":\"ImageObject\",\"inLanguage\":\"es\",\"@id\":\"https:\/\/karivoo.com\/index.php\/producto\/lamparas-metacrilato-personalizadas-con-base-led-control-remoto\/#primaryimage\",\"url\":\"https:\/\/karivoo.com\/wp-content\/uploads\/2020\/12\/sen\u0303o-rosalia.jpg\",\"contentUrl\":\"https:\/\/karivoo.com\/wp-content\/uploads\/2020\/12\/sen\u0303o-rosalia.jpg\",\"width\":850,\"height\":1134},{\"@type\":\"BreadcrumbList\",\"@id\":\"https:\/\/karivoo.com\/index.php\/producto\/lamparas-metacrilato-personalizadas-con-base-led-control-remoto\/#breadcrumb\",\"itemListElement\":[{\"@type\":\"ListItem\",\"position\":1,\"name\":\"Portada\",\"item\":\"https:\/\/karivoo.com\/\"},{\"@type\":\"ListItem\",\"position\":2,\"name\":\"Tienda\",\"item\":\"https:\/\/karivoo.com\/index.php\/tienda\/\"},{\"@type\":\"ListItem\",\"position\":3,\"name\":\"L\u00e1mparas metacrilato personalizada con el dise\u00f1o que desee base led y mando a distancia incluido\"}]},{\"@type\":\"WebSite\",\"@id\":\"https:\/\/karivoo.com\/#website\",\"url\":\"https:\/\/karivoo.com\/\",\"name\":\"Karivoo\",\"description\":\"Artesan\u00eda creativa de decoraci\u00f3n personalizada\",\"publisher\":{\"@id\":\"https:\/\/karivoo.com\/#organization\"},\"potentialAction\":[{\"@type\":\"SearchAction\",\"target\":{\"@type\":\"EntryPoint\",\"urlTemplate\":\"https:\/\/karivoo.com\/?s={search_term_string}\"},\"query-input\":{\"@type\":\"PropertyValueSpecification\",\"valueRequired\":true,\"valueName\":\"search_term_string\"}}],\"inLanguage\":\"es\"},{\"@type\":\"Organization\",\"@id\":\"https:\/\/karivoo.com\/#organization\",\"name\":\"KARIVOO\",\"url\":\"https:\/\/karivoo.com\/\",\"logo\":{\"@type\":\"ImageObject\",\"inLanguage\":\"es\",\"@id\":\"https:\/\/karivoo.com\/#\/schema\/logo\/image\/\",\"url\":\"https:\/\/karivoo.com\/wp-content\/uploads\/2020\/09\/karivoo_logo_cabecera3.png\",\"contentUrl\":\"https:\/\/karivoo.com\/wp-content\/uploads\/2020\/09\/karivoo_logo_cabecera3.png\",\"width\":600,\"height\":456,\"caption\":\"KARIVOO\"},\"image\":{\"@id\":\"https:\/\/karivoo.com\/#\/schema\/logo\/image\/\"},\"sameAs\":[\"https:\/\/www.facebook.com\/Karivoo-105245794677788\",\"https:\/\/www.instagram.com\/karivoo_com\/\"]}]}<\/script>\n<!-- \/ Yoast SEO plugin. -->","yoast_head_json":{"title":"L\u00e1mparas metacrilato personalizada con el dise\u00f1o que desee base led y mando a distancia incluido - Karivoo","robots":{"index":"index","follow":"follow","max-snippet":"max-snippet:-1","max-image-preview":"max-image-preview:large","max-video-preview":"max-video-preview:-1"},"canonical":"https:\/\/karivoo.com\/index.php\/producto\/lamparas-metacrilato-personalizadas-con-base-led-control-remoto\/","og_locale":"es_ES","og_type":"article","og_title":"L\u00e1mparas metacrilato personalizada con el dise\u00f1o que desee base led y mando a distancia incluido - Karivoo","og_description":"L\u00e1mpara de metacrilato personalizada con imagen, logotipo y texto proporcionado por el cliente, tambi\u00e9n puede elegir uno de los modelos mostrados en las im\u00e1genes del producto.  Es el regalo perfecto para adornar e iluminar cualquier estancia del hogar. Tiene funci\u00f3n movimiento cambiando de color lentamente o seleccionando el que m\u00e1s le guste desde el mando a distancia incluido. Instrucciones: Una vez comprado, nos pondremos en contacto con usted por email para que nos env\u00ede la imagen a grabar. A ser posible las im\u00e1genes ir\u00e1n en formato vectorial (eps, ai, dxf...), si no fuese posible, deber\u00e1 enviarnos la imagen en alta resoluci\u00f3n, deber\u00e1 ser una imagen tipo dibujo en l\u00edneas definidas.  *Karivoo no se hace responsable de la reproducci\u00f3n de im\u00e1genes, textos o logotipos registrados por otros propietarios proporcionadas por los clientes. Antes de adquirir el producto y enviar im\u00e1genes inf\u00f3rmese sobre la autor\u00eda y derechos de la imagen a reproducir.","og_url":"https:\/\/karivoo.com\/index.php\/producto\/lamparas-metacrilato-personalizadas-con-base-led-control-remoto\/","og_site_name":"Karivoo","article_publisher":"https:\/\/www.facebook.com\/Karivoo-105245794677788","article_modified_time":"2025-03-24T19:59:08+00:00","og_image":[{"width":850,"height":1134,"url":"https:\/\/karivoo.com\/wp-content\/uploads\/2020\/12\/sen\u0303o-rosalia.jpg","type":"image\/jpeg"}],"twitter_card":"summary_large_image","twitter_misc":{"Tiempo de lectura":"2 minutos"},"schema":{"@context":"https:\/\/schema.org","@graph":[{"@type":"WebPage","@id":"https:\/\/karivoo.com\/index.php\/producto\/lamparas-metacrilato-personalizadas-con-base-led-control-remoto\/","url":"https:\/\/karivoo.com\/index.php\/producto\/lamparas-metacrilato-personalizadas-con-base-led-control-remoto\/","name":"L\u00e1mparas metacrilato personalizada con el dise\u00f1o que desee base led y mando a distancia incluido - Karivoo","isPartOf":{"@id":"https:\/\/karivoo.com\/#website"},"primaryImageOfPage":{"@id":"https:\/\/karivoo.com\/index.php\/producto\/lamparas-metacrilato-personalizadas-con-base-led-control-remoto\/#primaryimage"},"image":{"@id":"https:\/\/karivoo.com\/index.php\/producto\/lamparas-metacrilato-personalizadas-con-base-led-control-remoto\/#primaryimage"},"thumbnailUrl":"https:\/\/karivoo.com\/wp-content\/uploads\/2020\/12\/sen\u0303o-rosalia.jpg","datePublished":"2020-12-22T18:58:10+00:00","dateModified":"2025-03-24T19:59:08+00:00","breadcrumb":{"@id":"https:\/\/karivoo.com\/index.php\/producto\/lamparas-metacrilato-personalizadas-con-base-led-control-remoto\/#breadcrumb"},"inLanguage":"es","potentialAction":[{"@type":"ReadAction","target":["https:\/\/karivoo.com\/index.php\/producto\/lamparas-metacrilato-personalizadas-con-base-led-control-remoto\/"]}]},{"@type":"ImageObject","inLanguage":"es","@id":"https:\/\/karivoo.com\/index.php\/producto\/lamparas-metacrilato-personalizadas-con-base-led-control-remoto\/#primaryimage","url":"https:\/\/karivoo.com\/wp-content\/uploads\/2020\/12\/sen\u0303o-rosalia.jpg","contentUrl":"https:\/\/karivoo.com\/wp-content\/uploads\/2020\/12\/sen\u0303o-rosalia.jpg","width":850,"height":1134},{"@type":"BreadcrumbList","@id":"https:\/\/karivoo.com\/index.php\/producto\/lamparas-metacrilato-personalizadas-con-base-led-control-remoto\/#breadcrumb","itemListElement":[{"@type":"ListItem","position":1,"name":"Portada","item":"https:\/\/karivoo.com\/"},{"@type":"ListItem","position":2,"name":"Tienda","item":"https:\/\/karivoo.com\/index.php\/tienda\/"},{"@type":"ListItem","position":3,"name":"L\u00e1mparas metacrilato personalizada con el dise\u00f1o que desee base led y mando a distancia incluido"}]},{"@type":"WebSite","@id":"https:\/\/karivoo.com\/#website","url":"https:\/\/karivoo.com\/","name":"Karivoo","description":"Artesan\u00eda creativa de decoraci\u00f3n personalizada","publisher":{"@id":"https:\/\/karivoo.com\/#organization"},"potentialAction":[{"@type":"SearchAction","target":{"@type":"EntryPoint","urlTemplate":"https:\/\/karivoo.com\/?s={search_term_string}"},"query-input":{"@type":"PropertyValueSpecification","valueRequired":true,"valueName":"search_term_string"}}],"inLanguage":"es"},{"@type":"Organization","@id":"https:\/\/karivoo.com\/#organization","name":"KARIVOO","url":"https:\/\/karivoo.com\/","logo":{"@type":"ImageObject","inLanguage":"es","@id":"https:\/\/karivoo.com\/#\/schema\/logo\/image\/","url":"https:\/\/karivoo.com\/wp-content\/uploads\/2020\/09\/karivoo_logo_cabecera3.png","contentUrl":"https:\/\/karivoo.com\/wp-content\/uploads\/2020\/09\/karivoo_logo_cabecera3.png","width":600,"height":456,"caption":"KARIVOO"},"image":{"@id":"https:\/\/karivoo.com\/#\/schema\/logo\/image\/"},"sameAs":["https:\/\/www.facebook.com\/Karivoo-105245794677788","https:\/\/www.instagram.com\/karivoo_com\/"]}]}},"tiered_pricing_type":"fixed","tiered_pricing_fixed_rules":[],"tiered_pricing_product_settings":{"layout":"default","base_unit_name":{"singular":null,"plural":null},"default_variation":null},"tiered_pricing_minimum_quantity":null,"tiered_pricing_roles_data":[],"tiered_pricing_percentage_rules":[],"_links":{"self":[{"href":"https:\/\/karivoo.com\/index.php\/wp-json\/wp\/v2\/product\/721","targetHints":{"allow":["GET"]}}],"collection":[{"href":"https:\/\/karivoo.com\/index.php\/wp-json\/wp\/v2\/product"}],"about":[{"href":"https:\/\/karivoo.com\/index.php\/wp-json\/wp\/v2\/types\/product"}],"replies":[{"embeddable":true,"href":"https:\/\/karivoo.com\/index.php\/wp-json\/wp\/v2\/comments?post=721"}],"wp:featuredmedia":[{"embeddable":true,"href":"https:\/\/karivoo.com\/index.php\/wp-json\/wp\/v2\/media\/1118"}],"wp:attachment":[{"href":"https:\/\/karivoo.com\/index.php\/wp-json\/wp\/v2\/media?parent=721"}],"wp:term":[{"taxonomy":"product_brand","embeddable":true,"href":"https:\/\/karivoo.com\/index.php\/wp-json\/wp\/v2\/product_brand?post=721"},{"taxonomy":"product_cat","embeddable":true,"href":"https:\/\/karivoo.com\/index.php\/wp-json\/wp\/v2\/product_cat?post=721"},{"taxonomy":"product_tag","embeddable":true,"href":"https:\/\/karivoo.com\/index.php\/wp-json\/wp\/v2\/product_tag?post=721"}],"curies":[{"name":"wp","href":"https:\/\/api.w.org\/{rel}","templated":true}]}}