{"id":476,"date":"2020-10-19T19:19:16","date_gmt":"2020-10-19T17:19:16","guid":{"rendered":"https:\/\/karivoo.com\/?post_type=product&#038;p=476"},"modified":"2021-12-18T13:12:03","modified_gmt":"2021-12-18T11:12:03","slug":"lampara-nube-personalizada-modelo-3-estrellas-bailarina","status":"publish","type":"product","link":"https:\/\/karivoo.com\/index.php\/producto\/lampara-nube-personalizada-modelo-3-estrellas-bailarina\/","title":{"rendered":"L\u00e1mpara Nube personalizada &#8211; Modelo 3 &#8211; Estrellas + Bailarina"},"content":{"rendered":"<p>[et_pb_section fb_built=&#8221;1&#8243; _builder_version=&#8221;4.6.3&#8243; width=&#8221;82%&#8221; module_alignment=&#8221;center&#8221; custom_padding=&#8221;0px||||false|false&#8221; global_colors_info=&#8221;{}&#8221;][et_pb_row _builder_version=&#8221;3.25&#8243; background_size=&#8221;initial&#8221; background_position=&#8221;top_left&#8221; background_repeat=&#8221;repeat&#8221; width=&#8221;100%&#8221; custom_padding=&#8221;0px||0px||false|false&#8221; global_colors_info=&#8221;{}&#8221;][et_pb_column type=&#8221;4_4&#8243; _builder_version=&#8221;3.25&#8243; custom_padding=&#8221;|||&#8221; global_colors_info=&#8221;{}&#8221; custom_padding__hover=&#8221;|||&#8221;][et_pb_wc_breadcrumb _builder_version=&#8221;3.0.47&#8243; global_colors_info=&#8221;{}&#8221;][\/et_pb_wc_breadcrumb][et_pb_wc_cart_notice _builder_version=&#8221;4.6.3&#8243; body_font_size=&#8221;16px&#8221; custom_button=&#8221;on&#8221; button_text_size=&#8221;16px&#8221; button_text_color=&#8221;#474747&#8243; button_bg_color=&#8221;#ffffff&#8221; button_custom_margin=&#8221;-14px||||false|false&#8221; button_custom_padding=&#8221;0px||||false|false&#8221; min_height=&#8221;70px&#8221; custom_padding=&#8221;15px|15px|0px|15px|false|false&#8221; global_colors_info=&#8221;{}&#8221; button_bg_color__hover_enabled=&#8221;on|hover&#8221; button_bg_color__hover=&#8221;#c1dddd&#8221; button_bg_enable_color__hover=&#8221;on&#8221;][\/et_pb_wc_cart_notice][\/et_pb_column][\/et_pb_row][et_pb_row column_structure=&#8221;1_2,1_2&#8243; _builder_version=&#8221;4.6.3&#8243; background_size=&#8221;initial&#8221; background_position=&#8221;top_left&#8221; background_repeat=&#8221;repeat&#8221; width=&#8221;100%&#8221; height=&#8221;1000px&#8221; custom_margin=&#8221;|auto|-313px|auto|false|false&#8221; custom_padding=&#8221;0px||0px||false|false&#8221; global_colors_info=&#8221;{}&#8221;][et_pb_column type=&#8221;1_2&#8243; _builder_version=&#8221;3.25&#8243; custom_padding=&#8221;|||&#8221; global_colors_info=&#8221;{}&#8221; custom_padding__hover=&#8221;|||&#8221;][et_pb_wc_images force_fullwidth=&#8221;on&#8221; _builder_version=&#8221;4.6.3&#8243; min_height=&#8221;650px&#8221; height=&#8221;1000px&#8221; max_height=&#8221;1000px&#8221; custom_margin=&#8221;||-278px||false|false&#8221; custom_padding=&#8221;||0px|||&#8221; global_colors_info=&#8221;{}&#8221;][\/et_pb_wc_images][\/et_pb_column][et_pb_column type=&#8221;1_2&#8243; _builder_version=&#8221;3.25&#8243; custom_padding=&#8221;|||&#8221; global_colors_info=&#8221;{}&#8221; custom_padding__hover=&#8221;|||&#8221;][et_pb_wc_title _builder_version=&#8221;4.6.3&#8243; header_level=&#8221;h2&#8243; width=&#8221;100%&#8221; global_colors_info=&#8221;{}&#8221;][\/et_pb_wc_title][et_pb_wc_rating _builder_version=&#8221;4.6.3&#8243; rating_text_color=&#8221;#007fe0&#8243; body_font_size=&#8221;15px&#8221; global_colors_info=&#8221;{}&#8221;][\/et_pb_wc_rating][et_pb_wc_price _builder_version=&#8221;3.0.47&#8243; global_colors_info=&#8221;{}&#8221;][\/et_pb_wc_price][et_pb_wc_description _builder_version=&#8221;3.0.47&#8243; global_colors_info=&#8221;{}&#8221;][\/et_pb_wc_description][et_pb_wc_add_to_cart _builder_version=&#8221;4.6.3&#8243; fields_font_size=&#8221;15px&#8221; custom_button=&#8221;on&#8221; button_text_size=&#8221;15px&#8221; button_rel=&#8221;off|off|off|off|off&#8221; button_custom_margin=&#8221;1px||||false|false&#8221; button_custom_padding=&#8221;8px||||false|false&#8221; custom_margin=&#8221;||40px||false|false&#8221; custom_padding=&#8221;1px||0px||false|false&#8221; fields_font_size_tablet=&#8221;&#8221; fields_font_size_phone=&#8221;&#8221; fields_font_size_last_edited=&#8221;on|desktop&#8221; global_colors_info=&#8221;{}&#8221; fields_custom_padding__hover_enabled=&#8221;on|desktop&#8221;][\/et_pb_wc_add_to_cart][et_pb_wc_meta _builder_version=&#8221;3.0.47&#8243; global_colors_info=&#8221;{}&#8221;][\/et_pb_wc_meta][et_pb_text _builder_version=&#8221;4.6.6&#8243; _module_preset=&#8221;default&#8221; global_colors_info=&#8221;{}&#8221;]<\/p>\n<p>\u00b7 Env\u00edo <strong>GRATIS<\/strong> para pedidos superiores a 24\u20ac (IVA incluido)<br \/>\u00b7 4,95\u20ac de gastos de env\u00edo para pedidos inferiores a 24\u20ac (IVA incluido)<br \/>\u00b7 Entrega de 48 horas a 72 horas laborables en Espa\u00f1a peninsular<\/p>\n<p>[\/et_pb_text][\/et_pb_column][\/et_pb_row][et_pb_row _builder_version=&#8221;3.25&#8243; background_size=&#8221;initial&#8221; background_position=&#8221;top_left&#8221; background_repeat=&#8221;repeat&#8221; width=&#8221;100%&#8221; min_height=&#8221;707px&#8221; custom_margin=&#8221;-164px|auto||auto||&#8221; custom_padding=&#8221;||0px|||&#8221; global_colors_info=&#8221;{}&#8221;][et_pb_column type=&#8221;4_4&#8243; _builder_version=&#8221;3.25&#8243; custom_padding=&#8221;|||&#8221; global_colors_info=&#8221;{}&#8221; custom_padding__hover=&#8221;|||&#8221;][et_pb_wc_tabs _builder_version=&#8221;3.0.47&#8243; min_height=&#8221;41px&#8221; global_colors_info=&#8221;{}&#8221;]\t\t\t\t\t[\/et_pb_wc_tabs][et_pb_wc_upsells _builder_version=&#8221;3.0.47&#8243; global_colors_info=&#8221;{}&#8221;][\/et_pb_wc_upsells][et_pb_wc_related_products _builder_version=&#8221;3.0.47&#8243; global_colors_info=&#8221;{}&#8221;][\/et_pb_wc_related_products][\/et_pb_column][\/et_pb_row][\/et_pb_section]<\/p>\n","protected":false},"excerpt":{"rendered":"<p>L\u00e1mpara Nube quitamiedos para Beb\u00e9s \/ Ni\u00f1os, Ni\u00f1as y adultos, para decoraci\u00f3n de dormitorios, salones y cualquier sitio del hogar donde se quiera crear un ambiente relajante con su luz c\u00e1lida.<\/p>\n<p>*Dado que el producto es madera con tratamiento manual, puede variar su tonalidad o veteado del producto.<\/p>\n<p>*Escoja el modelo de la parte trasera del producto, podr\u00e1 verlo en la imagen 2 de detalle del producto.<\/p>\n","protected":false},"featured_media":477,"comment_status":"open","ping_status":"closed","template":"","meta":{"_et_pb_use_builder":"on","_et_pb_old_content":"<ul>\r\n \t<li>LAMPARA NUBE PERSONALIZADA: L\u00e1mpara con forma de Nube personalizada con el nombre del beb\u00e9, ni\u00f1o \/ ni\u00f1a o adulto. Un dise\u00f1o original y PATENTADO por Karivoo que resaltar\u00e1 en la decoraci\u00f3n de cualquier dormitorio, sal\u00f3n o lugar indicado para una iluminaci\u00f3n tenue estudiada con el voltage e intensidad adecuados para ayudar a la relajaci\u00f3n y ayudar a conciliar el sue\u00f1o.<\/li>\r\n \t<li>AYUDA A CONCILIAR EL SUE\u00d1O: nuestra l\u00e1mpara nube emite una luz c\u00e1lida tenue que invita a la relajaci\u00f3n de grandes y peque\u00f1os, sin tonos azules ni alto brillo. Nuestra l\u00e1mpara utiliza un tipo de led de luz c\u00e1lida regulado con unos voltios y amperios perfectos para la intensidad adecuada para crear un ambiente de relajaci\u00f3n. Ayuda a combatir los terrores nocturnos y sirve como quitamiedos, al ser una luz muy suave pero con formas amigables y simp\u00e1ticas.<\/li>\r\n \t<li>PERSONALIZABLE: Dise\u00f1ada y fabricada en Espa\u00f1a, puede personalizarla con el nombre o texto que quieras con un m\u00e1ximo de 9 caracteres.<\/li>\r\n \t<li>FABRICACI\u00d3N: Fabricado con madera contrachapada de chopo (de bosque sostenible) pintado y tratado a mano con pintura al agua no t\u00f3xica ni contaminante. Un regalo artesanal, \u00fanico y personalizado que sorprender\u00e1.<\/li>\r\n \t<li>ILUMINACI\u00d3N: Instalaci\u00f3n de LED de bajo consumo con luz c\u00e1lida. La parte trasera \"Opci\u00f3n 1\" funciona con adaptador AC\/DC (NO incluido) o 3 pilas AA (NO incluido). La \"Opci\u00f3n 2\" lleva incluido el transformador\/interruptor y no lleva opci\u00f3n de pilas. Medidas de la L\u00e1mpara de mesilla: 24,5 x 14,8 x 6 cm.<\/li>\r\n<\/ul>\r\n<strong>L\u00e1mpara Nube personalizada.<\/strong>\r\n<ul>\r\n \t<li>Fabricada artesanalmente con madera de chopo de 5mm y acr\u00edlico extrusionado.<\/li>\r\n \t<li>Funciona con 3 pilas AA (no incluido) o tambi\u00e9n con adaptador de corriente AC\/DC 5V 600mA (no incluido).<\/li>\r\n<\/ul>","_et_gb_content_width":""},"product_brand":[],"product_cat":[24],"product_tag":[],"class_list":{"0":"post-476","1":"product","2":"type-product","3":"status-publish","4":"has-post-thumbnail","6":"product_cat-lampara-nube-personalizada","7":"product_shipping_class-envios-gratuitos-a-partir-de-22e","9":"first","10":"instock","11":"sale","12":"taxable","13":"shipping-taxable","14":"purchasable","15":"product-type-variable"},"yoast_head":"<!-- This site is optimized with the Yoast SEO plugin v24.7 - https:\/\/yoast.com\/wordpress\/plugins\/seo\/ -->\n<title>L\u00e1mpara Nube personalizada - Modelo 3 - Estrellas + Bailarina - Karivoo<\/title>\n<meta name=\"robots\" content=\"index, follow, max-snippet:-1, max-image-preview:large, max-video-preview:-1\" \/>\n<link rel=\"canonical\" href=\"https:\/\/karivoo.com\/index.php\/producto\/lampara-nube-personalizada-modelo-3-estrellas-bailarina\/\" \/>\n<meta property=\"og:locale\" content=\"es_ES\" \/>\n<meta property=\"og:type\" content=\"article\" \/>\n<meta property=\"og:title\" content=\"L\u00e1mpara Nube personalizada - Modelo 3 - Estrellas + Bailarina - Karivoo\" \/>\n<meta property=\"og:description\" content=\"L\u00e1mpara Nube quitamiedos para Beb\u00e9s \/ Ni\u00f1os, Ni\u00f1as y adultos, para decoraci\u00f3n de dormitorios, salones y cualquier sitio del hogar donde se quiera crear un ambiente relajante con su luz c\u00e1lida.  *Dado que el producto es madera con tratamiento manual, puede variar su tonalidad o veteado del producto.  *Escoja el modelo de la parte trasera del producto, podr\u00e1 verlo en la imagen 2 de detalle del producto.\" \/>\n<meta property=\"og:url\" content=\"https:\/\/karivoo.com\/index.php\/producto\/lampara-nube-personalizada-modelo-3-estrellas-bailarina\/\" \/>\n<meta property=\"og:site_name\" content=\"Karivoo\" \/>\n<meta property=\"article:publisher\" content=\"https:\/\/www.facebook.com\/Karivoo-105245794677788\" \/>\n<meta property=\"article:modified_time\" content=\"2021-12-18T11:12:03+00:00\" \/>\n<meta property=\"og:image\" content=\"https:\/\/karivoo.com\/wp-content\/uploads\/2020\/10\/MODELO-3-NUBE.jpg\" \/>\n\t<meta property=\"og:image:width\" content=\"2381\" \/>\n\t<meta property=\"og:image:height\" content=\"2381\" \/>\n\t<meta property=\"og:image:type\" content=\"image\/jpeg\" \/>\n<meta name=\"twitter:card\" content=\"summary_large_image\" \/>\n<meta name=\"twitter:label1\" content=\"Tiempo de lectura\" \/>\n\t<meta name=\"twitter:data1\" content=\"3 minutos\" \/>\n<script type=\"application\/ld+json\" class=\"yoast-schema-graph\">{\"@context\":\"https:\/\/schema.org\",\"@graph\":[{\"@type\":\"WebPage\",\"@id\":\"https:\/\/karivoo.com\/index.php\/producto\/lampara-nube-personalizada-modelo-3-estrellas-bailarina\/\",\"url\":\"https:\/\/karivoo.com\/index.php\/producto\/lampara-nube-personalizada-modelo-3-estrellas-bailarina\/\",\"name\":\"L\u00e1mpara Nube personalizada - Modelo 3 - Estrellas + Bailarina - Karivoo\",\"isPartOf\":{\"@id\":\"https:\/\/karivoo.com\/#website\"},\"primaryImageOfPage\":{\"@id\":\"https:\/\/karivoo.com\/index.php\/producto\/lampara-nube-personalizada-modelo-3-estrellas-bailarina\/#primaryimage\"},\"image\":{\"@id\":\"https:\/\/karivoo.com\/index.php\/producto\/lampara-nube-personalizada-modelo-3-estrellas-bailarina\/#primaryimage\"},\"thumbnailUrl\":\"https:\/\/karivoo.com\/wp-content\/uploads\/2020\/10\/MODELO-3-NUBE.jpg\",\"datePublished\":\"2020-10-19T17:19:16+00:00\",\"dateModified\":\"2021-12-18T11:12:03+00:00\",\"breadcrumb\":{\"@id\":\"https:\/\/karivoo.com\/index.php\/producto\/lampara-nube-personalizada-modelo-3-estrellas-bailarina\/#breadcrumb\"},\"inLanguage\":\"es\",\"potentialAction\":[{\"@type\":\"ReadAction\",\"target\":[\"https:\/\/karivoo.com\/index.php\/producto\/lampara-nube-personalizada-modelo-3-estrellas-bailarina\/\"]}]},{\"@type\":\"ImageObject\",\"inLanguage\":\"es\",\"@id\":\"https:\/\/karivoo.com\/index.php\/producto\/lampara-nube-personalizada-modelo-3-estrellas-bailarina\/#primaryimage\",\"url\":\"https:\/\/karivoo.com\/wp-content\/uploads\/2020\/10\/MODELO-3-NUBE.jpg\",\"contentUrl\":\"https:\/\/karivoo.com\/wp-content\/uploads\/2020\/10\/MODELO-3-NUBE.jpg\",\"width\":2381,\"height\":2381},{\"@type\":\"BreadcrumbList\",\"@id\":\"https:\/\/karivoo.com\/index.php\/producto\/lampara-nube-personalizada-modelo-3-estrellas-bailarina\/#breadcrumb\",\"itemListElement\":[{\"@type\":\"ListItem\",\"position\":1,\"name\":\"Portada\",\"item\":\"https:\/\/karivoo.com\/\"},{\"@type\":\"ListItem\",\"position\":2,\"name\":\"Tienda\",\"item\":\"https:\/\/karivoo.com\/index.php\/tienda\/\"},{\"@type\":\"ListItem\",\"position\":3,\"name\":\"L\u00e1mpara Nube personalizada &#8211; Modelo 3 &#8211; Estrellas + Bailarina\"}]},{\"@type\":\"WebSite\",\"@id\":\"https:\/\/karivoo.com\/#website\",\"url\":\"https:\/\/karivoo.com\/\",\"name\":\"Karivoo\",\"description\":\"Artesan\u00eda creativa de decoraci\u00f3n personalizada\",\"publisher\":{\"@id\":\"https:\/\/karivoo.com\/#organization\"},\"potentialAction\":[{\"@type\":\"SearchAction\",\"target\":{\"@type\":\"EntryPoint\",\"urlTemplate\":\"https:\/\/karivoo.com\/?s={search_term_string}\"},\"query-input\":{\"@type\":\"PropertyValueSpecification\",\"valueRequired\":true,\"valueName\":\"search_term_string\"}}],\"inLanguage\":\"es\"},{\"@type\":\"Organization\",\"@id\":\"https:\/\/karivoo.com\/#organization\",\"name\":\"KARIVOO\",\"url\":\"https:\/\/karivoo.com\/\",\"logo\":{\"@type\":\"ImageObject\",\"inLanguage\":\"es\",\"@id\":\"https:\/\/karivoo.com\/#\/schema\/logo\/image\/\",\"url\":\"https:\/\/karivoo.com\/wp-content\/uploads\/2020\/09\/karivoo_logo_cabecera3.png\",\"contentUrl\":\"https:\/\/karivoo.com\/wp-content\/uploads\/2020\/09\/karivoo_logo_cabecera3.png\",\"width\":600,\"height\":456,\"caption\":\"KARIVOO\"},\"image\":{\"@id\":\"https:\/\/karivoo.com\/#\/schema\/logo\/image\/\"},\"sameAs\":[\"https:\/\/www.facebook.com\/Karivoo-105245794677788\",\"https:\/\/www.instagram.com\/karivoo_com\/\"]}]}<\/script>\n<!-- \/ Yoast SEO plugin. -->","yoast_head_json":{"title":"L\u00e1mpara Nube personalizada - Modelo 3 - Estrellas + Bailarina - Karivoo","robots":{"index":"index","follow":"follow","max-snippet":"max-snippet:-1","max-image-preview":"max-image-preview:large","max-video-preview":"max-video-preview:-1"},"canonical":"https:\/\/karivoo.com\/index.php\/producto\/lampara-nube-personalizada-modelo-3-estrellas-bailarina\/","og_locale":"es_ES","og_type":"article","og_title":"L\u00e1mpara Nube personalizada - Modelo 3 - Estrellas + Bailarina - Karivoo","og_description":"L\u00e1mpara Nube quitamiedos para Beb\u00e9s \/ Ni\u00f1os, Ni\u00f1as y adultos, para decoraci\u00f3n de dormitorios, salones y cualquier sitio del hogar donde se quiera crear un ambiente relajante con su luz c\u00e1lida.  *Dado que el producto es madera con tratamiento manual, puede variar su tonalidad o veteado del producto.  *Escoja el modelo de la parte trasera del producto, podr\u00e1 verlo en la imagen 2 de detalle del producto.","og_url":"https:\/\/karivoo.com\/index.php\/producto\/lampara-nube-personalizada-modelo-3-estrellas-bailarina\/","og_site_name":"Karivoo","article_publisher":"https:\/\/www.facebook.com\/Karivoo-105245794677788","article_modified_time":"2021-12-18T11:12:03+00:00","og_image":[{"width":2381,"height":2381,"url":"https:\/\/karivoo.com\/wp-content\/uploads\/2020\/10\/MODELO-3-NUBE.jpg","type":"image\/jpeg"}],"twitter_card":"summary_large_image","twitter_misc":{"Tiempo de lectura":"3 minutos"},"schema":{"@context":"https:\/\/schema.org","@graph":[{"@type":"WebPage","@id":"https:\/\/karivoo.com\/index.php\/producto\/lampara-nube-personalizada-modelo-3-estrellas-bailarina\/","url":"https:\/\/karivoo.com\/index.php\/producto\/lampara-nube-personalizada-modelo-3-estrellas-bailarina\/","name":"L\u00e1mpara Nube personalizada - Modelo 3 - Estrellas + Bailarina - Karivoo","isPartOf":{"@id":"https:\/\/karivoo.com\/#website"},"primaryImageOfPage":{"@id":"https:\/\/karivoo.com\/index.php\/producto\/lampara-nube-personalizada-modelo-3-estrellas-bailarina\/#primaryimage"},"image":{"@id":"https:\/\/karivoo.com\/index.php\/producto\/lampara-nube-personalizada-modelo-3-estrellas-bailarina\/#primaryimage"},"thumbnailUrl":"https:\/\/karivoo.com\/wp-content\/uploads\/2020\/10\/MODELO-3-NUBE.jpg","datePublished":"2020-10-19T17:19:16+00:00","dateModified":"2021-12-18T11:12:03+00:00","breadcrumb":{"@id":"https:\/\/karivoo.com\/index.php\/producto\/lampara-nube-personalizada-modelo-3-estrellas-bailarina\/#breadcrumb"},"inLanguage":"es","potentialAction":[{"@type":"ReadAction","target":["https:\/\/karivoo.com\/index.php\/producto\/lampara-nube-personalizada-modelo-3-estrellas-bailarina\/"]}]},{"@type":"ImageObject","inLanguage":"es","@id":"https:\/\/karivoo.com\/index.php\/producto\/lampara-nube-personalizada-modelo-3-estrellas-bailarina\/#primaryimage","url":"https:\/\/karivoo.com\/wp-content\/uploads\/2020\/10\/MODELO-3-NUBE.jpg","contentUrl":"https:\/\/karivoo.com\/wp-content\/uploads\/2020\/10\/MODELO-3-NUBE.jpg","width":2381,"height":2381},{"@type":"BreadcrumbList","@id":"https:\/\/karivoo.com\/index.php\/producto\/lampara-nube-personalizada-modelo-3-estrellas-bailarina\/#breadcrumb","itemListElement":[{"@type":"ListItem","position":1,"name":"Portada","item":"https:\/\/karivoo.com\/"},{"@type":"ListItem","position":2,"name":"Tienda","item":"https:\/\/karivoo.com\/index.php\/tienda\/"},{"@type":"ListItem","position":3,"name":"L\u00e1mpara Nube personalizada &#8211; Modelo 3 &#8211; Estrellas + Bailarina"}]},{"@type":"WebSite","@id":"https:\/\/karivoo.com\/#website","url":"https:\/\/karivoo.com\/","name":"Karivoo","description":"Artesan\u00eda creativa de decoraci\u00f3n personalizada","publisher":{"@id":"https:\/\/karivoo.com\/#organization"},"potentialAction":[{"@type":"SearchAction","target":{"@type":"EntryPoint","urlTemplate":"https:\/\/karivoo.com\/?s={search_term_string}"},"query-input":{"@type":"PropertyValueSpecification","valueRequired":true,"valueName":"search_term_string"}}],"inLanguage":"es"},{"@type":"Organization","@id":"https:\/\/karivoo.com\/#organization","name":"KARIVOO","url":"https:\/\/karivoo.com\/","logo":{"@type":"ImageObject","inLanguage":"es","@id":"https:\/\/karivoo.com\/#\/schema\/logo\/image\/","url":"https:\/\/karivoo.com\/wp-content\/uploads\/2020\/09\/karivoo_logo_cabecera3.png","contentUrl":"https:\/\/karivoo.com\/wp-content\/uploads\/2020\/09\/karivoo_logo_cabecera3.png","width":600,"height":456,"caption":"KARIVOO"},"image":{"@id":"https:\/\/karivoo.com\/#\/schema\/logo\/image\/"},"sameAs":["https:\/\/www.facebook.com\/Karivoo-105245794677788","https:\/\/www.instagram.com\/karivoo_com\/"]}]}},"tiered_pricing_type":"fixed","tiered_pricing_fixed_rules":[],"tiered_pricing_product_settings":{"layout":"default","base_unit_name":{"singular":null,"plural":null},"default_variation":null},"tiered_pricing_minimum_quantity":null,"tiered_pricing_roles_data":[],"tiered_pricing_percentage_rules":[],"_links":{"self":[{"href":"https:\/\/karivoo.com\/index.php\/wp-json\/wp\/v2\/product\/476","targetHints":{"allow":["GET"]}}],"collection":[{"href":"https:\/\/karivoo.com\/index.php\/wp-json\/wp\/v2\/product"}],"about":[{"href":"https:\/\/karivoo.com\/index.php\/wp-json\/wp\/v2\/types\/product"}],"replies":[{"embeddable":true,"href":"https:\/\/karivoo.com\/index.php\/wp-json\/wp\/v2\/comments?post=476"}],"wp:featuredmedia":[{"embeddable":true,"href":"https:\/\/karivoo.com\/index.php\/wp-json\/wp\/v2\/media\/477"}],"wp:attachment":[{"href":"https:\/\/karivoo.com\/index.php\/wp-json\/wp\/v2\/media?parent=476"}],"wp:term":[{"taxonomy":"product_brand","embeddable":true,"href":"https:\/\/karivoo.com\/index.php\/wp-json\/wp\/v2\/product_brand?post=476"},{"taxonomy":"product_cat","embeddable":true,"href":"https:\/\/karivoo.com\/index.php\/wp-json\/wp\/v2\/product_cat?post=476"},{"taxonomy":"product_tag","embeddable":true,"href":"https:\/\/karivoo.com\/index.php\/wp-json\/wp\/v2\/product_tag?post=476"}],"curies":[{"name":"wp","href":"https:\/\/api.w.org\/{rel}","templated":true}]}}