{"id":460,"date":"2020-10-14T13:07:41","date_gmt":"2020-10-14T11:07:41","guid":{"rendered":"https:\/\/karivoo.com\/?post_type=product&#038;p=460"},"modified":"2021-07-15T11:03:55","modified_gmt":"2021-07-15T09:03:55","slug":"nube-estrella-color-fucsia","status":"publish","type":"product","link":"https:\/\/karivoo.com\/index.php\/producto\/nube-estrella-color-fucsia\/","title":{"rendered":"Nube &#8211; Estrella &#8220;color fucsia&#8221;"},"content":{"rendered":"<p>[et_pb_section fb_built=&#8221;1&#8243; _builder_version=&#8221;4.6.3&#8243; width=&#8221;82%&#8221; module_alignment=&#8221;center&#8221; custom_padding=&#8221;0px||||false|false&#8221;][et_pb_row _builder_version=&#8221;3.25&#8243; background_size=&#8221;initial&#8221; background_position=&#8221;top_left&#8221; background_repeat=&#8221;repeat&#8221; width=&#8221;100%&#8221; custom_padding=&#8221;0px||0px||false|false&#8221;][et_pb_column type=&#8221;4_4&#8243; _builder_version=&#8221;3.25&#8243; custom_padding=&#8221;|||&#8221; custom_padding__hover=&#8221;|||&#8221;][et_pb_wc_breadcrumb _builder_version=&#8221;3.0.47&#8243;][\/et_pb_wc_breadcrumb][et_pb_wc_cart_notice _builder_version=&#8221;4.6.3&#8243; body_font_size=&#8221;16px&#8221; custom_button=&#8221;on&#8221; button_text_size=&#8221;16px&#8221; button_text_color=&#8221;#474747&#8243; button_bg_color=&#8221;#ffffff&#8221; button_custom_margin=&#8221;-14px||||false|false&#8221; button_custom_padding=&#8221;0px||||false|false&#8221; min_height=&#8221;70px&#8221; custom_padding=&#8221;15px|15px|0px|15px|false|false&#8221; button_bg_color__hover_enabled=&#8221;on|hover&#8221; button_bg_color__hover=&#8221;#c1dddd&#8221; button_bg_enable_color__hover=&#8221;on&#8221;][\/et_pb_wc_cart_notice][\/et_pb_column][\/et_pb_row][et_pb_row column_structure=&#8221;1_2,1_2&#8243; _builder_version=&#8221;4.6.3&#8243; background_size=&#8221;initial&#8221; background_position=&#8221;top_left&#8221; background_repeat=&#8221;repeat&#8221; width=&#8221;100%&#8221; height=&#8221;1000px&#8221; custom_margin=&#8221;|auto|-313px|auto|false|false&#8221; custom_padding=&#8221;0px||0px||false|false&#8221;][et_pb_column type=&#8221;1_2&#8243; _builder_version=&#8221;3.25&#8243; custom_padding=&#8221;|||&#8221; custom_padding__hover=&#8221;|||&#8221;][et_pb_wc_images force_fullwidth=&#8221;on&#8221; _builder_version=&#8221;4.6.3&#8243; min_height=&#8221;650px&#8221; height=&#8221;1000px&#8221; max_height=&#8221;1000px&#8221; custom_margin=&#8221;||-278px||false|false&#8221; custom_padding=&#8221;||0px|||&#8221;][\/et_pb_wc_images][\/et_pb_column][et_pb_column type=&#8221;1_2&#8243; _builder_version=&#8221;3.25&#8243; custom_padding=&#8221;|||&#8221; custom_padding__hover=&#8221;|||&#8221;][et_pb_wc_title _builder_version=&#8221;4.6.3&#8243; header_level=&#8221;h2&#8243; width=&#8221;100%&#8221;][\/et_pb_wc_title][et_pb_wc_rating _builder_version=&#8221;4.6.3&#8243; rating_text_color=&#8221;#007fe0&#8243; body_font_size=&#8221;15px&#8221;][\/et_pb_wc_rating][et_pb_wc_price _builder_version=&#8221;3.0.47&#8243;][\/et_pb_wc_price][et_pb_wc_description _builder_version=&#8221;3.0.47&#8243;][\/et_pb_wc_description][et_pb_wc_add_to_cart _builder_version=&#8221;4.6.3&#8243; fields_font_size=&#8221;15px&#8221; custom_button=&#8221;on&#8221; button_text_size=&#8221;15px&#8221; button_rel=&#8221;off|off|off|off|off&#8221; button_custom_margin=&#8221;1px||||false|false&#8221; button_custom_padding=&#8221;8px||||false|false&#8221; custom_margin=&#8221;||40px||false|false&#8221; custom_padding=&#8221;1px||0px||false|false&#8221; fields_font_size_tablet=&#8221;&#8221; fields_font_size_phone=&#8221;&#8221; fields_font_size_last_edited=&#8221;on|desktop&#8221; fields_custom_padding__hover_enabled=&#8221;on|desktop&#8221;][\/et_pb_wc_add_to_cart][et_pb_wc_meta _builder_version=&#8221;3.0.47&#8243;][\/et_pb_wc_meta][et_pb_text _builder_version=&#8221;4.6.6&#8243; _module_preset=&#8221;default&#8221;]<\/p>\n<p>\u00b7 Env\u00edo <strong>GRATIS<\/strong> para pedidos superiores a 24\u20ac (IVA incluido)<br \/>\u00b7 4,95\u20ac de gastos de env\u00edo para pedidos inferiores a 24\u20ac (IVA incluido)<br \/>\u00b7 Entrega de 48 horas a 72 horas laborables en Espa\u00f1a peninsular<\/p>\n<p>[\/et_pb_text][\/et_pb_column][\/et_pb_row][et_pb_row _builder_version=&#8221;3.25&#8243; background_size=&#8221;initial&#8221; background_position=&#8221;top_left&#8221; background_repeat=&#8221;repeat&#8221; width=&#8221;100%&#8221; min_height=&#8221;707px&#8221; custom_margin=&#8221;-164px|auto||auto||&#8221; custom_padding=&#8221;||0px|||&#8221;][et_pb_column type=&#8221;4_4&#8243; _builder_version=&#8221;3.25&#8243; custom_padding=&#8221;|||&#8221; custom_padding__hover=&#8221;|||&#8221;][et_pb_wc_tabs _builder_version=&#8221;3.0.47&#8243; min_height=&#8221;41px&#8221;] [\/et_pb_wc_tabs][et_pb_wc_upsells _builder_version=&#8221;3.0.47&#8243;][\/et_pb_wc_upsells][et_pb_wc_related_products _builder_version=&#8221;3.0.47&#8243;][\/et_pb_wc_related_products][\/et_pb_column][\/et_pb_row][\/et_pb_section]<\/p>\n","protected":false},"excerpt":{"rendered":"<p>&#8220;Nube &#8211; Estrella&#8221; personalizada color Fucsia con detalles y nombre en color blanco, tama\u00f1o 26 x 21 cm.<\/p>\n<p>Personaliza tu &#8220;Nube &#8211; Estrella&#8221; con el nombre del beb\u00e9 o ni\u00f1o y decora su dormitorio, cuna, cama, armario o donde desees.<\/p>\n<p>Incluye cinta adhesiva doble cara en su reverso para adherirlo f\u00e1cilmente.<\/p>\n<p>&nbsp;<\/p>\n","protected":false},"featured_media":461,"comment_status":"open","ping_status":"closed","template":"","meta":{"_et_pb_use_builder":"on","_et_pb_old_content":"<strong>Nube Estrella personalizada:<\/strong>\r\n<ul>\r\n \t<li>Fabricada artesanalmente en MDF de 2,5mm.<\/li>\r\n \t<li>Pintura al agua, no t\u00f3xica y respetuosa con medio ambiente.<\/li>\r\n \t<li>Tama\u00f1o 26 x 21 cm.<\/li>\r\n<\/ul>","_et_gb_content_width":""},"product_brand":[],"product_cat":[52],"product_tag":[],"class_list":{"0":"post-460","1":"product","2":"type-product","3":"status-publish","4":"has-post-thumbnail","6":"product_cat-placas-personalizadas","7":"product_shipping_class-envios-gratuitos-a-partir-de-22e","9":"first","10":"instock","11":"featured","12":"taxable","13":"shipping-taxable","14":"purchasable","15":"product-type-simple"},"yoast_head":"<!-- This site is optimized with the Yoast SEO plugin v24.7 - https:\/\/yoast.com\/wordpress\/plugins\/seo\/ -->\n<title>Nube - Estrella &quot;color fucsia&quot; - Karivoo<\/title>\n<meta name=\"robots\" content=\"index, follow, max-snippet:-1, max-image-preview:large, max-video-preview:-1\" \/>\n<link rel=\"canonical\" href=\"https:\/\/karivoo.com\/index.php\/producto\/nube-estrella-color-fucsia\/\" \/>\n<meta property=\"og:locale\" content=\"es_ES\" \/>\n<meta property=\"og:type\" content=\"article\" \/>\n<meta property=\"og:title\" content=\"Nube - Estrella &quot;color fucsia&quot; - Karivoo\" \/>\n<meta property=\"og:description\" content=\"&quot;Nube - Estrella&quot; personalizada color Fucsia con detalles y nombre en color blanco, tama\u00f1o 26 x 21 cm.  Personaliza tu &quot;Nube - Estrella&quot; con el nombre del beb\u00e9 o ni\u00f1o y decora su dormitorio, cuna, cama, armario o donde desees.  Incluye cinta adhesiva doble cara en su reverso para adherirlo f\u00e1cilmente.  &nbsp;\" \/>\n<meta property=\"og:url\" content=\"https:\/\/karivoo.com\/index.php\/producto\/nube-estrella-color-fucsia\/\" \/>\n<meta property=\"og:site_name\" content=\"Karivoo\" \/>\n<meta property=\"article:publisher\" content=\"https:\/\/www.facebook.com\/Karivoo-105245794677788\" \/>\n<meta property=\"article:modified_time\" content=\"2021-07-15T09:03:55+00:00\" \/>\n<meta property=\"og:image\" content=\"https:\/\/karivoo.com\/wp-content\/uploads\/2020\/10\/nube-estrella-fucsia.jpg\" \/>\n\t<meta property=\"og:image:width\" content=\"900\" \/>\n\t<meta property=\"og:image:height\" content=\"600\" \/>\n\t<meta property=\"og:image:type\" content=\"image\/jpeg\" \/>\n<meta name=\"twitter:card\" content=\"summary_large_image\" \/>\n<meta name=\"twitter:label1\" content=\"Tiempo de lectura\" \/>\n\t<meta name=\"twitter:data1\" content=\"2 minutos\" \/>\n<script type=\"application\/ld+json\" class=\"yoast-schema-graph\">{\"@context\":\"https:\/\/schema.org\",\"@graph\":[{\"@type\":\"WebPage\",\"@id\":\"https:\/\/karivoo.com\/index.php\/producto\/nube-estrella-color-fucsia\/\",\"url\":\"https:\/\/karivoo.com\/index.php\/producto\/nube-estrella-color-fucsia\/\",\"name\":\"Nube - Estrella \\\"color fucsia\\\" - Karivoo\",\"isPartOf\":{\"@id\":\"https:\/\/karivoo.com\/#website\"},\"primaryImageOfPage\":{\"@id\":\"https:\/\/karivoo.com\/index.php\/producto\/nube-estrella-color-fucsia\/#primaryimage\"},\"image\":{\"@id\":\"https:\/\/karivoo.com\/index.php\/producto\/nube-estrella-color-fucsia\/#primaryimage\"},\"thumbnailUrl\":\"https:\/\/karivoo.com\/wp-content\/uploads\/2020\/10\/nube-estrella-fucsia.jpg\",\"datePublished\":\"2020-10-14T11:07:41+00:00\",\"dateModified\":\"2021-07-15T09:03:55+00:00\",\"breadcrumb\":{\"@id\":\"https:\/\/karivoo.com\/index.php\/producto\/nube-estrella-color-fucsia\/#breadcrumb\"},\"inLanguage\":\"es\",\"potentialAction\":[{\"@type\":\"ReadAction\",\"target\":[\"https:\/\/karivoo.com\/index.php\/producto\/nube-estrella-color-fucsia\/\"]}]},{\"@type\":\"ImageObject\",\"inLanguage\":\"es\",\"@id\":\"https:\/\/karivoo.com\/index.php\/producto\/nube-estrella-color-fucsia\/#primaryimage\",\"url\":\"https:\/\/karivoo.com\/wp-content\/uploads\/2020\/10\/nube-estrella-fucsia.jpg\",\"contentUrl\":\"https:\/\/karivoo.com\/wp-content\/uploads\/2020\/10\/nube-estrella-fucsia.jpg\",\"width\":900,\"height\":600},{\"@type\":\"BreadcrumbList\",\"@id\":\"https:\/\/karivoo.com\/index.php\/producto\/nube-estrella-color-fucsia\/#breadcrumb\",\"itemListElement\":[{\"@type\":\"ListItem\",\"position\":1,\"name\":\"Portada\",\"item\":\"https:\/\/karivoo.com\/\"},{\"@type\":\"ListItem\",\"position\":2,\"name\":\"Tienda\",\"item\":\"https:\/\/karivoo.com\/index.php\/tienda\/\"},{\"@type\":\"ListItem\",\"position\":3,\"name\":\"Nube &#8211; Estrella &#8220;color fucsia&#8221;\"}]},{\"@type\":\"WebSite\",\"@id\":\"https:\/\/karivoo.com\/#website\",\"url\":\"https:\/\/karivoo.com\/\",\"name\":\"Karivoo\",\"description\":\"Artesan\u00eda creativa de decoraci\u00f3n personalizada\",\"publisher\":{\"@id\":\"https:\/\/karivoo.com\/#organization\"},\"potentialAction\":[{\"@type\":\"SearchAction\",\"target\":{\"@type\":\"EntryPoint\",\"urlTemplate\":\"https:\/\/karivoo.com\/?s={search_term_string}\"},\"query-input\":{\"@type\":\"PropertyValueSpecification\",\"valueRequired\":true,\"valueName\":\"search_term_string\"}}],\"inLanguage\":\"es\"},{\"@type\":\"Organization\",\"@id\":\"https:\/\/karivoo.com\/#organization\",\"name\":\"KARIVOO\",\"url\":\"https:\/\/karivoo.com\/\",\"logo\":{\"@type\":\"ImageObject\",\"inLanguage\":\"es\",\"@id\":\"https:\/\/karivoo.com\/#\/schema\/logo\/image\/\",\"url\":\"https:\/\/karivoo.com\/wp-content\/uploads\/2020\/09\/karivoo_logo_cabecera3.png\",\"contentUrl\":\"https:\/\/karivoo.com\/wp-content\/uploads\/2020\/09\/karivoo_logo_cabecera3.png\",\"width\":600,\"height\":456,\"caption\":\"KARIVOO\"},\"image\":{\"@id\":\"https:\/\/karivoo.com\/#\/schema\/logo\/image\/\"},\"sameAs\":[\"https:\/\/www.facebook.com\/Karivoo-105245794677788\",\"https:\/\/www.instagram.com\/karivoo_com\/\"]}]}<\/script>\n<!-- \/ Yoast SEO plugin. -->","yoast_head_json":{"title":"Nube - Estrella \"color fucsia\" - Karivoo","robots":{"index":"index","follow":"follow","max-snippet":"max-snippet:-1","max-image-preview":"max-image-preview:large","max-video-preview":"max-video-preview:-1"},"canonical":"https:\/\/karivoo.com\/index.php\/producto\/nube-estrella-color-fucsia\/","og_locale":"es_ES","og_type":"article","og_title":"Nube - Estrella \"color fucsia\" - Karivoo","og_description":"\"Nube - Estrella\" personalizada color Fucsia con detalles y nombre en color blanco, tama\u00f1o 26 x 21 cm.  Personaliza tu \"Nube - Estrella\" con el nombre del beb\u00e9 o ni\u00f1o y decora su dormitorio, cuna, cama, armario o donde desees.  Incluye cinta adhesiva doble cara en su reverso para adherirlo f\u00e1cilmente.  &nbsp;","og_url":"https:\/\/karivoo.com\/index.php\/producto\/nube-estrella-color-fucsia\/","og_site_name":"Karivoo","article_publisher":"https:\/\/www.facebook.com\/Karivoo-105245794677788","article_modified_time":"2021-07-15T09:03:55+00:00","og_image":[{"width":900,"height":600,"url":"https:\/\/karivoo.com\/wp-content\/uploads\/2020\/10\/nube-estrella-fucsia.jpg","type":"image\/jpeg"}],"twitter_card":"summary_large_image","twitter_misc":{"Tiempo de lectura":"2 minutos"},"schema":{"@context":"https:\/\/schema.org","@graph":[{"@type":"WebPage","@id":"https:\/\/karivoo.com\/index.php\/producto\/nube-estrella-color-fucsia\/","url":"https:\/\/karivoo.com\/index.php\/producto\/nube-estrella-color-fucsia\/","name":"Nube - Estrella \"color fucsia\" - Karivoo","isPartOf":{"@id":"https:\/\/karivoo.com\/#website"},"primaryImageOfPage":{"@id":"https:\/\/karivoo.com\/index.php\/producto\/nube-estrella-color-fucsia\/#primaryimage"},"image":{"@id":"https:\/\/karivoo.com\/index.php\/producto\/nube-estrella-color-fucsia\/#primaryimage"},"thumbnailUrl":"https:\/\/karivoo.com\/wp-content\/uploads\/2020\/10\/nube-estrella-fucsia.jpg","datePublished":"2020-10-14T11:07:41+00:00","dateModified":"2021-07-15T09:03:55+00:00","breadcrumb":{"@id":"https:\/\/karivoo.com\/index.php\/producto\/nube-estrella-color-fucsia\/#breadcrumb"},"inLanguage":"es","potentialAction":[{"@type":"ReadAction","target":["https:\/\/karivoo.com\/index.php\/producto\/nube-estrella-color-fucsia\/"]}]},{"@type":"ImageObject","inLanguage":"es","@id":"https:\/\/karivoo.com\/index.php\/producto\/nube-estrella-color-fucsia\/#primaryimage","url":"https:\/\/karivoo.com\/wp-content\/uploads\/2020\/10\/nube-estrella-fucsia.jpg","contentUrl":"https:\/\/karivoo.com\/wp-content\/uploads\/2020\/10\/nube-estrella-fucsia.jpg","width":900,"height":600},{"@type":"BreadcrumbList","@id":"https:\/\/karivoo.com\/index.php\/producto\/nube-estrella-color-fucsia\/#breadcrumb","itemListElement":[{"@type":"ListItem","position":1,"name":"Portada","item":"https:\/\/karivoo.com\/"},{"@type":"ListItem","position":2,"name":"Tienda","item":"https:\/\/karivoo.com\/index.php\/tienda\/"},{"@type":"ListItem","position":3,"name":"Nube &#8211; Estrella &#8220;color fucsia&#8221;"}]},{"@type":"WebSite","@id":"https:\/\/karivoo.com\/#website","url":"https:\/\/karivoo.com\/","name":"Karivoo","description":"Artesan\u00eda creativa de decoraci\u00f3n personalizada","publisher":{"@id":"https:\/\/karivoo.com\/#organization"},"potentialAction":[{"@type":"SearchAction","target":{"@type":"EntryPoint","urlTemplate":"https:\/\/karivoo.com\/?s={search_term_string}"},"query-input":{"@type":"PropertyValueSpecification","valueRequired":true,"valueName":"search_term_string"}}],"inLanguage":"es"},{"@type":"Organization","@id":"https:\/\/karivoo.com\/#organization","name":"KARIVOO","url":"https:\/\/karivoo.com\/","logo":{"@type":"ImageObject","inLanguage":"es","@id":"https:\/\/karivoo.com\/#\/schema\/logo\/image\/","url":"https:\/\/karivoo.com\/wp-content\/uploads\/2020\/09\/karivoo_logo_cabecera3.png","contentUrl":"https:\/\/karivoo.com\/wp-content\/uploads\/2020\/09\/karivoo_logo_cabecera3.png","width":600,"height":456,"caption":"KARIVOO"},"image":{"@id":"https:\/\/karivoo.com\/#\/schema\/logo\/image\/"},"sameAs":["https:\/\/www.facebook.com\/Karivoo-105245794677788","https:\/\/www.instagram.com\/karivoo_com\/"]}]}},"tiered_pricing_type":"fixed","tiered_pricing_fixed_rules":[],"tiered_pricing_product_settings":{"layout":"default","base_unit_name":{"singular":null,"plural":null},"default_variation":null},"tiered_pricing_minimum_quantity":null,"tiered_pricing_roles_data":[],"tiered_pricing_percentage_rules":[],"_links":{"self":[{"href":"https:\/\/karivoo.com\/index.php\/wp-json\/wp\/v2\/product\/460","targetHints":{"allow":["GET"]}}],"collection":[{"href":"https:\/\/karivoo.com\/index.php\/wp-json\/wp\/v2\/product"}],"about":[{"href":"https:\/\/karivoo.com\/index.php\/wp-json\/wp\/v2\/types\/product"}],"replies":[{"embeddable":true,"href":"https:\/\/karivoo.com\/index.php\/wp-json\/wp\/v2\/comments?post=460"}],"wp:featuredmedia":[{"embeddable":true,"href":"https:\/\/karivoo.com\/index.php\/wp-json\/wp\/v2\/media\/461"}],"wp:attachment":[{"href":"https:\/\/karivoo.com\/index.php\/wp-json\/wp\/v2\/media?parent=460"}],"wp:term":[{"taxonomy":"product_brand","embeddable":true,"href":"https:\/\/karivoo.com\/index.php\/wp-json\/wp\/v2\/product_brand?post=460"},{"taxonomy":"product_cat","embeddable":true,"href":"https:\/\/karivoo.com\/index.php\/wp-json\/wp\/v2\/product_cat?post=460"},{"taxonomy":"product_tag","embeddable":true,"href":"https:\/\/karivoo.com\/index.php\/wp-json\/wp\/v2\/product_tag?post=460"}],"curies":[{"name":"wp","href":"https:\/\/api.w.org\/{rel}","templated":true}]}}