{"id":1163,"date":"2021-09-28T20:27:35","date_gmt":"2021-09-28T18:27:35","guid":{"rendered":"https:\/\/karivoo.com\/?post_type=product&#038;p=1163"},"modified":"2021-09-28T21:10:53","modified_gmt":"2021-09-28T19:10:53","slug":"abridores-madera-personalizados","status":"publish","type":"product","link":"https:\/\/karivoo.com\/index.php\/producto\/abridores-madera-personalizados\/","title":{"rendered":"Abridor de madera personalizado"},"content":{"rendered":"<p>[et_pb_section fb_built=&#8221;1&#8243; _builder_version=&#8221;4.6.3&#8243; width=&#8221;82%&#8221; module_alignment=&#8221;center&#8221; custom_padding=&#8221;0px||||false|false&#8221; global_colors_info=&#8221;{}&#8221;][et_pb_row _builder_version=&#8221;3.25&#8243; background_size=&#8221;initial&#8221; background_position=&#8221;top_left&#8221; background_repeat=&#8221;repeat&#8221; width=&#8221;100%&#8221; custom_padding=&#8221;0px||0px||false|false&#8221; global_colors_info=&#8221;{}&#8221;][et_pb_column type=&#8221;4_4&#8243; _builder_version=&#8221;3.25&#8243; custom_padding=&#8221;|||&#8221; global_colors_info=&#8221;{}&#8221; custom_padding__hover=&#8221;|||&#8221;][et_pb_wc_breadcrumb _builder_version=&#8221;3.0.47&#8243; global_colors_info=&#8221;{}&#8221;][\/et_pb_wc_breadcrumb][et_pb_wc_cart_notice _builder_version=&#8221;4.6.3&#8243; body_font_size=&#8221;16px&#8221; custom_button=&#8221;on&#8221; button_text_size=&#8221;16px&#8221; button_text_color=&#8221;#474747&#8243; button_bg_color=&#8221;#ffffff&#8221; button_custom_margin=&#8221;-14px||||false|false&#8221; button_custom_padding=&#8221;0px||||false|false&#8221; min_height=&#8221;70px&#8221; custom_padding=&#8221;15px|15px|0px|15px|false|false&#8221; global_colors_info=&#8221;{}&#8221; button_bg_color__hover_enabled=&#8221;on|hover&#8221; button_bg_color__hover=&#8221;#c1dddd&#8221; button_bg_enable_color__hover=&#8221;on&#8221;][\/et_pb_wc_cart_notice][\/et_pb_column][\/et_pb_row][et_pb_row column_structure=&#8221;1_2,1_2&#8243; _builder_version=&#8221;4.6.3&#8243; background_size=&#8221;initial&#8221; background_position=&#8221;top_left&#8221; background_repeat=&#8221;repeat&#8221; width=&#8221;100%&#8221; height=&#8221;1000px&#8221; custom_margin=&#8221;|auto|-313px|auto|false|false&#8221; custom_padding=&#8221;0px||0px||false|false&#8221; global_colors_info=&#8221;{}&#8221;][et_pb_column type=&#8221;1_2&#8243; _builder_version=&#8221;3.25&#8243; custom_padding=&#8221;|||&#8221; global_colors_info=&#8221;{}&#8221; custom_padding__hover=&#8221;|||&#8221;][et_pb_wc_images force_fullwidth=&#8221;on&#8221; _builder_version=&#8221;4.6.3&#8243; min_height=&#8221;650px&#8221; height=&#8221;1000px&#8221; max_height=&#8221;1000px&#8221; custom_margin=&#8221;||-278px||false|false&#8221; custom_padding=&#8221;||0px|||&#8221; global_colors_info=&#8221;{}&#8221;][\/et_pb_wc_images][\/et_pb_column][et_pb_column type=&#8221;1_2&#8243; _builder_version=&#8221;3.25&#8243; custom_padding=&#8221;|||&#8221; global_colors_info=&#8221;{}&#8221; custom_padding__hover=&#8221;|||&#8221;][et_pb_wc_title _builder_version=&#8221;4.6.3&#8243; header_level=&#8221;h2&#8243; width=&#8221;100%&#8221; global_colors_info=&#8221;{}&#8221;][\/et_pb_wc_title][et_pb_wc_rating _builder_version=&#8221;4.6.3&#8243; rating_text_color=&#8221;#007fe0&#8243; body_font_size=&#8221;15px&#8221; global_colors_info=&#8221;{}&#8221;][\/et_pb_wc_rating][et_pb_wc_price _builder_version=&#8221;3.0.47&#8243; global_colors_info=&#8221;{}&#8221;][\/et_pb_wc_price][et_pb_wc_description _builder_version=&#8221;3.0.47&#8243; global_colors_info=&#8221;{}&#8221;][\/et_pb_wc_description][et_pb_wc_add_to_cart _builder_version=&#8221;4.6.3&#8243; fields_font_size=&#8221;15px&#8221; custom_button=&#8221;on&#8221; button_text_size=&#8221;15px&#8221; button_rel=&#8221;off|off|off|off|off&#8221; button_custom_margin=&#8221;1px||||false|false&#8221; button_custom_padding=&#8221;8px||||false|false&#8221; custom_margin=&#8221;||40px||false|false&#8221; custom_padding=&#8221;1px||0px||false|false&#8221; fields_font_size_tablet=&#8221;&#8221; fields_font_size_phone=&#8221;&#8221; fields_font_size_last_edited=&#8221;on|desktop&#8221; global_colors_info=&#8221;{}&#8221; fields_custom_padding__hover_enabled=&#8221;on|desktop&#8221;][\/et_pb_wc_add_to_cart][et_pb_wc_meta _builder_version=&#8221;3.0.47&#8243; global_colors_info=&#8221;{}&#8221;][\/et_pb_wc_meta][et_pb_text _builder_version=&#8221;4.10.8&#8243; _module_preset=&#8221;default&#8221; hover_enabled=&#8221;0&#8243; global_colors_info=&#8221;{}&#8221; sticky_enabled=&#8221;0&#8243;]<\/p>\n<p>\u00b7 Env\u00edo <strong>GRATIS<\/strong> para pedidos superiores a 24\u20ac (IVA incluido)<br \/>\u00b7 4,95\u20ac de gastos de env\u00edo para pedidos inferiores a 24\u20ac (IVA incluido)<\/p>\n<p>[\/et_pb_text][\/et_pb_column][\/et_pb_row][et_pb_row _builder_version=&#8221;3.25&#8243; background_size=&#8221;initial&#8221; background_position=&#8221;top_left&#8221; background_repeat=&#8221;repeat&#8221; width=&#8221;100%&#8221; min_height=&#8221;707px&#8221; custom_margin=&#8221;-164px|auto||auto||&#8221; custom_padding=&#8221;||0px|||&#8221; global_colors_info=&#8221;{}&#8221;][et_pb_column type=&#8221;4_4&#8243; _builder_version=&#8221;3.25&#8243; custom_padding=&#8221;|||&#8221; global_colors_info=&#8221;{}&#8221; custom_padding__hover=&#8221;|||&#8221;][et_pb_wc_tabs _builder_version=&#8221;3.0.47&#8243; min_height=&#8221;41px&#8221; global_colors_info=&#8221;{}&#8221;] [\/et_pb_wc_tabs][et_pb_wc_upsells _builder_version=&#8221;3.0.47&#8243; global_colors_info=&#8221;{}&#8221;][\/et_pb_wc_upsells][et_pb_wc_related_products _builder_version=&#8221;3.0.47&#8243; global_colors_info=&#8221;{}&#8221;][\/et_pb_wc_related_products][\/et_pb_column][\/et_pb_row][\/et_pb_section]<\/p>\n","protected":false},"excerpt":{"rendered":"<p>\u00bfDeseas un detalle muy original adem\u00e1s de \u00fatil?, aqu\u00ed tienes el abridor personalizado ideal para bautizos, comuniones, bodas, eventos de todo tipo y tambi\u00e9n como regalo de empresa para sus clientes.<\/p>\n<p>Adem\u00e1s de ser bonitos y realizados en madera natural, son de gran utilidad a la hora de tenerlos siempre a mano para abrir ese refresco o cerveza, pues se adhieren muy bien gracias a sus dos imanes que se encuentran en la parte trasera.<\/p>\n<p>*INCLUYE BOLSITA CON CORDELES PARA PROTEGERLO ADEM\u00c1S DE SERVIR PARA ENTREGAR CON MAS DETALLE.<\/p>\n<p><em>*Podr\u00e1 optar por un dise\u00f1o personalizado totalmente y exclusivo, deber\u00e1 activar la casilla y enviarnos por email su n\u00famero de pedido junto a sus especificaciones para el dise\u00f1o, siendo as\u00ed podr\u00e1 demorarse algo m\u00e1s la fabricaci\u00f3n.<\/em><\/p>\n<p><em>*El precio del producto es por volumen, por lo cual a m\u00e1s cantidad m\u00e1s econ\u00f3mica por unidad.<\/em><\/p>\n<p><strong>*Al tratarse de madera natural, las vetas pueden ser diferentes as\u00ed como su tonalidad.<\/strong><\/p>\n","protected":false},"featured_media":1165,"comment_status":"open","ping_status":"closed","template":"","meta":{"_et_pb_use_builder":"on","_et_pb_old_content":"<ul>\r\n \t<li>Fabricado artesanalmente en Espa\u00f1a<\/li>\r\n \t<li>Grabado con calidad en madera natural.<\/li>\r\n \t<li>Mide 6cm de di\u00e1metro aproximadamente.<\/li>\r\n<\/ul>","_et_gb_content_width":""},"product_brand":[],"product_cat":[163,153],"product_tag":[],"class_list":{"0":"post-1163","1":"product","2":"type-product","3":"status-publish","4":"has-post-thumbnail","6":"product_cat-detalles-para-celebraciones","7":"product_cat-recuerdos-de-nacimiento","8":"product_shipping_class-envios-gratuitos-a-partir-de-22e","10":"first","11":"instock","12":"featured","13":"taxable","14":"shipping-taxable","15":"purchasable","16":"product-type-simple"},"yoast_head":"<!-- This site is optimized with the Yoast SEO plugin v24.7 - https:\/\/yoast.com\/wordpress\/plugins\/seo\/ -->\n<title>Abridor de madera personalizado - Karivoo<\/title>\n<meta name=\"robots\" content=\"index, follow, max-snippet:-1, max-image-preview:large, max-video-preview:-1\" \/>\n<link rel=\"canonical\" href=\"https:\/\/karivoo.com\/index.php\/producto\/abridores-madera-personalizados\/\" \/>\n<meta property=\"og:locale\" content=\"es_ES\" \/>\n<meta property=\"og:type\" content=\"article\" \/>\n<meta property=\"og:title\" content=\"Abridor de madera personalizado - Karivoo\" \/>\n<meta property=\"og:description\" content=\"\u00bfDeseas un detalle muy original adem\u00e1s de \u00fatil?, aqu\u00ed tienes el abridor personalizado ideal para bautizos, comuniones, bodas, eventos de todo tipo y tambi\u00e9n como regalo de empresa para sus clientes.  Adem\u00e1s de ser bonitos y realizados en madera natural, son de gran utilidad a la hora de tenerlos siempre a mano para abrir ese refresco o cerveza, pues se adhieren muy bien gracias a sus dos imanes que se encuentran en la parte trasera.  *INCLUYE BOLSITA CON CORDELES PARA PROTEGERLO ADEM\u00c1S DE SERVIR PARA ENTREGAR CON MAS DETALLE.  *Podr\u00e1 optar por un dise\u00f1o personalizado totalmente y exclusivo, deber\u00e1 activar la casilla y enviarnos por email su n\u00famero de pedido junto a sus especificaciones para el dise\u00f1o, siendo as\u00ed podr\u00e1 demorarse algo m\u00e1s la fabricaci\u00f3n.  *El precio del producto es por volumen, por lo cual a m\u00e1s cantidad m\u00e1s econ\u00f3mica por unidad.  *Al tratarse de madera natural, las vetas pueden ser diferentes as\u00ed como su tonalidad.\" \/>\n<meta property=\"og:url\" content=\"https:\/\/karivoo.com\/index.php\/producto\/abridores-madera-personalizados\/\" \/>\n<meta property=\"og:site_name\" content=\"Karivoo\" \/>\n<meta property=\"article:publisher\" content=\"https:\/\/www.facebook.com\/Karivoo-105245794677788\" \/>\n<meta property=\"article:modified_time\" content=\"2021-09-28T19:10:53+00:00\" \/>\n<meta property=\"og:image\" content=\"https:\/\/karivoo.com\/wp-content\/uploads\/2021\/09\/presentaciones-2-scaled.jpg\" \/>\n\t<meta property=\"og:image:width\" content=\"2161\" \/>\n\t<meta property=\"og:image:height\" content=\"2880\" \/>\n\t<meta property=\"og:image:type\" content=\"image\/jpeg\" \/>\n<meta name=\"twitter:card\" content=\"summary_large_image\" \/>\n<meta name=\"twitter:label1\" content=\"Tiempo de lectura\" \/>\n\t<meta name=\"twitter:data1\" content=\"1 minuto\" \/>\n<script type=\"application\/ld+json\" class=\"yoast-schema-graph\">{\"@context\":\"https:\/\/schema.org\",\"@graph\":[{\"@type\":\"WebPage\",\"@id\":\"https:\/\/karivoo.com\/index.php\/producto\/abridores-madera-personalizados\/\",\"url\":\"https:\/\/karivoo.com\/index.php\/producto\/abridores-madera-personalizados\/\",\"name\":\"Abridor de madera personalizado - Karivoo\",\"isPartOf\":{\"@id\":\"https:\/\/karivoo.com\/#website\"},\"primaryImageOfPage\":{\"@id\":\"https:\/\/karivoo.com\/index.php\/producto\/abridores-madera-personalizados\/#primaryimage\"},\"image\":{\"@id\":\"https:\/\/karivoo.com\/index.php\/producto\/abridores-madera-personalizados\/#primaryimage\"},\"thumbnailUrl\":\"https:\/\/karivoo.com\/wp-content\/uploads\/2021\/09\/presentaciones-2-scaled.jpg\",\"datePublished\":\"2021-09-28T18:27:35+00:00\",\"dateModified\":\"2021-09-28T19:10:53+00:00\",\"breadcrumb\":{\"@id\":\"https:\/\/karivoo.com\/index.php\/producto\/abridores-madera-personalizados\/#breadcrumb\"},\"inLanguage\":\"es\",\"potentialAction\":[{\"@type\":\"ReadAction\",\"target\":[\"https:\/\/karivoo.com\/index.php\/producto\/abridores-madera-personalizados\/\"]}]},{\"@type\":\"ImageObject\",\"inLanguage\":\"es\",\"@id\":\"https:\/\/karivoo.com\/index.php\/producto\/abridores-madera-personalizados\/#primaryimage\",\"url\":\"https:\/\/karivoo.com\/wp-content\/uploads\/2021\/09\/presentaciones-2-scaled.jpg\",\"contentUrl\":\"https:\/\/karivoo.com\/wp-content\/uploads\/2021\/09\/presentaciones-2-scaled.jpg\",\"width\":2161,\"height\":2880},{\"@type\":\"BreadcrumbList\",\"@id\":\"https:\/\/karivoo.com\/index.php\/producto\/abridores-madera-personalizados\/#breadcrumb\",\"itemListElement\":[{\"@type\":\"ListItem\",\"position\":1,\"name\":\"Portada\",\"item\":\"https:\/\/karivoo.com\/\"},{\"@type\":\"ListItem\",\"position\":2,\"name\":\"Tienda\",\"item\":\"https:\/\/karivoo.com\/index.php\/tienda\/\"},{\"@type\":\"ListItem\",\"position\":3,\"name\":\"Abridor de madera personalizado\"}]},{\"@type\":\"WebSite\",\"@id\":\"https:\/\/karivoo.com\/#website\",\"url\":\"https:\/\/karivoo.com\/\",\"name\":\"Karivoo\",\"description\":\"Artesan\u00eda creativa de decoraci\u00f3n personalizada\",\"publisher\":{\"@id\":\"https:\/\/karivoo.com\/#organization\"},\"potentialAction\":[{\"@type\":\"SearchAction\",\"target\":{\"@type\":\"EntryPoint\",\"urlTemplate\":\"https:\/\/karivoo.com\/?s={search_term_string}\"},\"query-input\":{\"@type\":\"PropertyValueSpecification\",\"valueRequired\":true,\"valueName\":\"search_term_string\"}}],\"inLanguage\":\"es\"},{\"@type\":\"Organization\",\"@id\":\"https:\/\/karivoo.com\/#organization\",\"name\":\"KARIVOO\",\"url\":\"https:\/\/karivoo.com\/\",\"logo\":{\"@type\":\"ImageObject\",\"inLanguage\":\"es\",\"@id\":\"https:\/\/karivoo.com\/#\/schema\/logo\/image\/\",\"url\":\"https:\/\/karivoo.com\/wp-content\/uploads\/2020\/09\/karivoo_logo_cabecera3.png\",\"contentUrl\":\"https:\/\/karivoo.com\/wp-content\/uploads\/2020\/09\/karivoo_logo_cabecera3.png\",\"width\":600,\"height\":456,\"caption\":\"KARIVOO\"},\"image\":{\"@id\":\"https:\/\/karivoo.com\/#\/schema\/logo\/image\/\"},\"sameAs\":[\"https:\/\/www.facebook.com\/Karivoo-105245794677788\",\"https:\/\/www.instagram.com\/karivoo_com\/\"]}]}<\/script>\n<!-- \/ Yoast SEO plugin. -->","yoast_head_json":{"title":"Abridor de madera personalizado - Karivoo","robots":{"index":"index","follow":"follow","max-snippet":"max-snippet:-1","max-image-preview":"max-image-preview:large","max-video-preview":"max-video-preview:-1"},"canonical":"https:\/\/karivoo.com\/index.php\/producto\/abridores-madera-personalizados\/","og_locale":"es_ES","og_type":"article","og_title":"Abridor de madera personalizado - Karivoo","og_description":"\u00bfDeseas un detalle muy original adem\u00e1s de \u00fatil?, aqu\u00ed tienes el abridor personalizado ideal para bautizos, comuniones, bodas, eventos de todo tipo y tambi\u00e9n como regalo de empresa para sus clientes.  Adem\u00e1s de ser bonitos y realizados en madera natural, son de gran utilidad a la hora de tenerlos siempre a mano para abrir ese refresco o cerveza, pues se adhieren muy bien gracias a sus dos imanes que se encuentran en la parte trasera.  *INCLUYE BOLSITA CON CORDELES PARA PROTEGERLO ADEM\u00c1S DE SERVIR PARA ENTREGAR CON MAS DETALLE.  *Podr\u00e1 optar por un dise\u00f1o personalizado totalmente y exclusivo, deber\u00e1 activar la casilla y enviarnos por email su n\u00famero de pedido junto a sus especificaciones para el dise\u00f1o, siendo as\u00ed podr\u00e1 demorarse algo m\u00e1s la fabricaci\u00f3n.  *El precio del producto es por volumen, por lo cual a m\u00e1s cantidad m\u00e1s econ\u00f3mica por unidad.  *Al tratarse de madera natural, las vetas pueden ser diferentes as\u00ed como su tonalidad.","og_url":"https:\/\/karivoo.com\/index.php\/producto\/abridores-madera-personalizados\/","og_site_name":"Karivoo","article_publisher":"https:\/\/www.facebook.com\/Karivoo-105245794677788","article_modified_time":"2021-09-28T19:10:53+00:00","og_image":[{"width":2161,"height":2880,"url":"https:\/\/karivoo.com\/wp-content\/uploads\/2021\/09\/presentaciones-2-scaled.jpg","type":"image\/jpeg"}],"twitter_card":"summary_large_image","twitter_misc":{"Tiempo de lectura":"1 minuto"},"schema":{"@context":"https:\/\/schema.org","@graph":[{"@type":"WebPage","@id":"https:\/\/karivoo.com\/index.php\/producto\/abridores-madera-personalizados\/","url":"https:\/\/karivoo.com\/index.php\/producto\/abridores-madera-personalizados\/","name":"Abridor de madera personalizado - Karivoo","isPartOf":{"@id":"https:\/\/karivoo.com\/#website"},"primaryImageOfPage":{"@id":"https:\/\/karivoo.com\/index.php\/producto\/abridores-madera-personalizados\/#primaryimage"},"image":{"@id":"https:\/\/karivoo.com\/index.php\/producto\/abridores-madera-personalizados\/#primaryimage"},"thumbnailUrl":"https:\/\/karivoo.com\/wp-content\/uploads\/2021\/09\/presentaciones-2-scaled.jpg","datePublished":"2021-09-28T18:27:35+00:00","dateModified":"2021-09-28T19:10:53+00:00","breadcrumb":{"@id":"https:\/\/karivoo.com\/index.php\/producto\/abridores-madera-personalizados\/#breadcrumb"},"inLanguage":"es","potentialAction":[{"@type":"ReadAction","target":["https:\/\/karivoo.com\/index.php\/producto\/abridores-madera-personalizados\/"]}]},{"@type":"ImageObject","inLanguage":"es","@id":"https:\/\/karivoo.com\/index.php\/producto\/abridores-madera-personalizados\/#primaryimage","url":"https:\/\/karivoo.com\/wp-content\/uploads\/2021\/09\/presentaciones-2-scaled.jpg","contentUrl":"https:\/\/karivoo.com\/wp-content\/uploads\/2021\/09\/presentaciones-2-scaled.jpg","width":2161,"height":2880},{"@type":"BreadcrumbList","@id":"https:\/\/karivoo.com\/index.php\/producto\/abridores-madera-personalizados\/#breadcrumb","itemListElement":[{"@type":"ListItem","position":1,"name":"Portada","item":"https:\/\/karivoo.com\/"},{"@type":"ListItem","position":2,"name":"Tienda","item":"https:\/\/karivoo.com\/index.php\/tienda\/"},{"@type":"ListItem","position":3,"name":"Abridor de madera personalizado"}]},{"@type":"WebSite","@id":"https:\/\/karivoo.com\/#website","url":"https:\/\/karivoo.com\/","name":"Karivoo","description":"Artesan\u00eda creativa de decoraci\u00f3n personalizada","publisher":{"@id":"https:\/\/karivoo.com\/#organization"},"potentialAction":[{"@type":"SearchAction","target":{"@type":"EntryPoint","urlTemplate":"https:\/\/karivoo.com\/?s={search_term_string}"},"query-input":{"@type":"PropertyValueSpecification","valueRequired":true,"valueName":"search_term_string"}}],"inLanguage":"es"},{"@type":"Organization","@id":"https:\/\/karivoo.com\/#organization","name":"KARIVOO","url":"https:\/\/karivoo.com\/","logo":{"@type":"ImageObject","inLanguage":"es","@id":"https:\/\/karivoo.com\/#\/schema\/logo\/image\/","url":"https:\/\/karivoo.com\/wp-content\/uploads\/2020\/09\/karivoo_logo_cabecera3.png","contentUrl":"https:\/\/karivoo.com\/wp-content\/uploads\/2020\/09\/karivoo_logo_cabecera3.png","width":600,"height":456,"caption":"KARIVOO"},"image":{"@id":"https:\/\/karivoo.com\/#\/schema\/logo\/image\/"},"sameAs":["https:\/\/www.facebook.com\/Karivoo-105245794677788","https:\/\/www.instagram.com\/karivoo_com\/"]}]}},"tiered_pricing_type":"fixed","tiered_pricing_fixed_rules":{"21":"3.80","50":"3.50","51":"3.40","101":"3.10","151":"3"},"tiered_pricing_product_settings":{"layout":"default","base_unit_name":{"singular":null,"plural":null},"default_variation":null},"tiered_pricing_minimum_quantity":null,"tiered_pricing_roles_data":[],"tiered_pricing_percentage_rules":[],"_links":{"self":[{"href":"https:\/\/karivoo.com\/index.php\/wp-json\/wp\/v2\/product\/1163","targetHints":{"allow":["GET"]}}],"collection":[{"href":"https:\/\/karivoo.com\/index.php\/wp-json\/wp\/v2\/product"}],"about":[{"href":"https:\/\/karivoo.com\/index.php\/wp-json\/wp\/v2\/types\/product"}],"replies":[{"embeddable":true,"href":"https:\/\/karivoo.com\/index.php\/wp-json\/wp\/v2\/comments?post=1163"}],"wp:featuredmedia":[{"embeddable":true,"href":"https:\/\/karivoo.com\/index.php\/wp-json\/wp\/v2\/media\/1165"}],"wp:attachment":[{"href":"https:\/\/karivoo.com\/index.php\/wp-json\/wp\/v2\/media?parent=1163"}],"wp:term":[{"taxonomy":"product_brand","embeddable":true,"href":"https:\/\/karivoo.com\/index.php\/wp-json\/wp\/v2\/product_brand?post=1163"},{"taxonomy":"product_cat","embeddable":true,"href":"https:\/\/karivoo.com\/index.php\/wp-json\/wp\/v2\/product_cat?post=1163"},{"taxonomy":"product_tag","embeddable":true,"href":"https:\/\/karivoo.com\/index.php\/wp-json\/wp\/v2\/product_tag?post=1163"}],"curies":[{"name":"wp","href":"https:\/\/api.w.org\/{rel}","templated":true}]}}