{"id":369,"date":"2020-10-04T17:40:35","date_gmt":"2020-10-04T15:40:35","guid":{"rendered":"https:\/\/karivoo.com\/?page_id=369"},"modified":"2021-03-05T21:26:50","modified_gmt":"2021-03-05T19:26:50","slug":"nosotros","status":"publish","type":"page","link":"https:\/\/karivoo.com\/index.php\/nosotros\/","title":{"rendered":"Nosotros"},"content":{"rendered":"[et_pb_section admin_label=&#8221;section&#8221;]\n\t\t\t[et_pb_row admin_label=&#8221;row&#8221;]\n\t\t\t\t[et_pb_column type=&#8221;4_4&#8243;][et_pb_text admin_label=&#8221;Text&#8221;]<p>Siempre nos entusiasmaron la artesan\u00eda, el dise\u00f1o y la decoraci\u00f3n, personalmente tuve la oportunidad de trabajar en un taller con la mejor herramienta y maquinaria de corte l\u00e1ser, de ah\u00ed naci\u00f3 mi curiosidad y entusiasmo en \u00e9ste mundo de la personalizaci\u00f3n y creaci\u00f3n artesanal.<\/p><p>De mis conocimientos en dise\u00f1o gr\u00e1fico y experiencia manejando maquinaria CNC, naci\u00f3 recientemente Karivoo, donde el departamento de I+D m\u00e1s exigente son nuestros propios hijos, ellos son los que ilusionan y nos dan las mejores ideas.<\/p><p>Realizamos multitud de trabajos artesanales dedicados principalmente a decoraci\u00f3n e iluminaci\u00f3n artesanal personalizada, trabajando con maderas de bosque sostenible y tratamientos de pintura al agua no t\u00f3xicas. Todos nuestros trabajos son originales y est\u00e1n patentados.<\/p><p>Durante esta pandemia tambi\u00e9n hemos fabricado a medida mamparas de acr\u00edlico extrusionado para todo tipo de comercios y lugares dee cara al p\u00fablico.<\/p><p>Esperamos que os gusten nuestros productos y pronto subiremos muchos m\u00e1s.<\/p><p>Gracias por tu visita.<\/p><div class=\"wp-block-image\"><figure class=\"alignleft size-large is-resized\"><img loading=\"lazy\" decoding=\"async\" src=\"https:\/\/karivoo.com\/wp-content\/uploads\/2020\/10\/fondo_nosotros1-1024x868.jpg\" alt=\"\" class=\"wp-image-378\" width=\"747\" height=\"633\"\/><\/figure><\/div>[\/et_pb_text][\/et_pb_column]\n\t\t\t[\/et_pb_row]\n\t\t[\/et_pb_section]","protected":false},"excerpt":{"rendered":"<p>Siempre nos entusiasmaron la artesan\u00eda, el dise\u00f1o y la decoraci\u00f3n, personalmente tuve la oportunidad de trabajar en un taller con la mejor herramienta y maquinaria de corte l\u00e1ser, de ah\u00ed naci\u00f3 mi curiosidad y entusiasmo en \u00e9ste mundo de la personalizaci\u00f3n y creaci\u00f3n artesanal. De mis conocimientos en dise\u00f1o gr\u00e1fico y experiencia manejando maquinaria CNC, [&hellip;]<\/p>\n","protected":false},"author":1,"featured_media":0,"parent":0,"menu_order":0,"comment_status":"closed","ping_status":"closed","template":"","meta":{"_et_pb_use_builder":"on","_et_pb_old_content":"<!-- wp:paragraph -->\n<p>Siempre nos entusiasmaron la artesan\u00eda, el dise\u00f1o y la decoraci\u00f3n, personalmente tuve la oportunidad de trabajar en un taller con la mejor herramienta y maquinaria de corte l\u00e1ser, de ah\u00ed naci\u00f3 mi curiosidad y entusiasmo en \u00e9ste mundo de la personalizaci\u00f3n y creaci\u00f3n artesanal.<\/p>\n<!-- \/wp:paragraph -->\n\n<!-- wp:paragraph -->\n<p>De mis conocimientos en dise\u00f1o gr\u00e1fico y experiencia manejando maquinaria CNC, naci\u00f3 recientemente Karivoo, donde el departamento de I+D m\u00e1s exigente son nuestros propios hijos, ellos son los que ilusionan y nos dan las mejores ideas.<\/p>\n<!-- \/wp:paragraph -->\n\n<!-- wp:paragraph -->\n<p>Realizamos multitud de trabajos artesanales dedicados principalmente a decoraci\u00f3n e iluminaci\u00f3n artesanal personalizada, trabajando con maderas de bosque sostenible y tratamientos de pintura al agua no t\u00f3xicas. Todos nuestros trabajos son originales y est\u00e1n patentados.<\/p>\n<!-- \/wp:paragraph -->\n\n<!-- wp:paragraph -->\n<p>Durante esta pandemia tambi\u00e9n hemos fabricado a medida mamparas de acr\u00edlico extrusionado para todo tipo de comercios y lugares dee cara al p\u00fablico.<\/p>\n<!-- \/wp:paragraph -->\n\n<!-- wp:paragraph -->\n<p>Esperamos que os gusten nuestros productos y pronto subiremos muchos m\u00e1s.<\/p>\n<!-- \/wp:paragraph -->\n\n<!-- wp:paragraph -->\n<p>Gracias por tu visita.<\/p>\n<!-- \/wp:paragraph -->\n\n<!-- wp:image {\"align\":\"left\",\"id\":378,\"width\":747,\"height\":633,\"sizeSlug\":\"large\"} -->\n<div class=\"wp-block-image\"><figure class=\"alignleft size-large is-resized\"><img src=\"https:\/\/karivoo.com\/wp-content\/uploads\/2020\/10\/fondo_nosotros1-1024x868.jpg\" alt=\"\" class=\"wp-image-378\" width=\"747\" height=\"633\"\/><\/figure><\/div>\n<!-- \/wp:image -->","_et_gb_content_width":"","footnotes":""},"class_list":["post-369","page","type-page","status-publish","hentry"],"yoast_head":"<!-- This site is optimized with the Yoast SEO plugin v24.7 - https:\/\/yoast.com\/wordpress\/plugins\/seo\/ -->\n<title>Nosotros - Karivoo<\/title>\n<meta name=\"robots\" content=\"index, follow, max-snippet:-1, max-image-preview:large, max-video-preview:-1\" \/>\n<link rel=\"canonical\" href=\"https:\/\/karivoo.com\/index.php\/nosotros\/\" \/>\n<meta property=\"og:locale\" content=\"es_ES\" \/>\n<meta property=\"og:type\" content=\"article\" \/>\n<meta property=\"og:title\" content=\"Nosotros - Karivoo\" \/>\n<meta property=\"og:description\" content=\"Siempre nos entusiasmaron la artesan\u00eda, el dise\u00f1o y la decoraci\u00f3n, personalmente tuve la oportunidad de trabajar en un taller con la mejor herramienta y maquinaria de corte l\u00e1ser, de ah\u00ed naci\u00f3 mi curiosidad y entusiasmo en \u00e9ste mundo de la personalizaci\u00f3n y creaci\u00f3n artesanal. De mis conocimientos en dise\u00f1o gr\u00e1fico y experiencia manejando maquinaria CNC, [&hellip;]\" \/>\n<meta property=\"og:url\" content=\"https:\/\/karivoo.com\/index.php\/nosotros\/\" \/>\n<meta property=\"og:site_name\" content=\"Karivoo\" \/>\n<meta property=\"article:publisher\" content=\"https:\/\/www.facebook.com\/Karivoo-105245794677788\" \/>\n<meta property=\"article:modified_time\" content=\"2021-03-05T19:26:50+00:00\" \/>\n<meta property=\"og:image\" content=\"https:\/\/karivoo.com\/wp-content\/uploads\/2020\/10\/fondo_nosotros1-1024x868.jpg\" \/>\n<meta name=\"twitter:card\" content=\"summary_large_image\" \/>\n<meta name=\"twitter:label1\" content=\"Tiempo de lectura\" \/>\n\t<meta name=\"twitter:data1\" content=\"1 minuto\" \/>\n<script type=\"application\/ld+json\" class=\"yoast-schema-graph\">{\"@context\":\"https:\/\/schema.org\",\"@graph\":[{\"@type\":\"WebPage\",\"@id\":\"https:\/\/karivoo.com\/index.php\/nosotros\/\",\"url\":\"https:\/\/karivoo.com\/index.php\/nosotros\/\",\"name\":\"Nosotros - Karivoo\",\"isPartOf\":{\"@id\":\"https:\/\/karivoo.com\/#website\"},\"primaryImageOfPage\":{\"@id\":\"https:\/\/karivoo.com\/index.php\/nosotros\/#primaryimage\"},\"image\":{\"@id\":\"https:\/\/karivoo.com\/index.php\/nosotros\/#primaryimage\"},\"thumbnailUrl\":\"https:\/\/karivoo.com\/wp-content\/uploads\/2020\/10\/fondo_nosotros1-1024x868.jpg\",\"datePublished\":\"2020-10-04T15:40:35+00:00\",\"dateModified\":\"2021-03-05T19:26:50+00:00\",\"breadcrumb\":{\"@id\":\"https:\/\/karivoo.com\/index.php\/nosotros\/#breadcrumb\"},\"inLanguage\":\"es\",\"potentialAction\":[{\"@type\":\"ReadAction\",\"target\":[\"https:\/\/karivoo.com\/index.php\/nosotros\/\"]}]},{\"@type\":\"ImageObject\",\"inLanguage\":\"es\",\"@id\":\"https:\/\/karivoo.com\/index.php\/nosotros\/#primaryimage\",\"url\":\"https:\/\/karivoo.com\/wp-content\/uploads\/2020\/10\/fondo_nosotros1.jpg\",\"contentUrl\":\"https:\/\/karivoo.com\/wp-content\/uploads\/2020\/10\/fondo_nosotros1.jpg\",\"width\":1263,\"height\":1070},{\"@type\":\"BreadcrumbList\",\"@id\":\"https:\/\/karivoo.com\/index.php\/nosotros\/#breadcrumb\",\"itemListElement\":[{\"@type\":\"ListItem\",\"position\":1,\"name\":\"Portada\",\"item\":\"https:\/\/karivoo.com\/\"},{\"@type\":\"ListItem\",\"position\":2,\"name\":\"Nosotros\"}]},{\"@type\":\"WebSite\",\"@id\":\"https:\/\/karivoo.com\/#website\",\"url\":\"https:\/\/karivoo.com\/\",\"name\":\"Karivoo\",\"description\":\"Artesan\u00eda creativa de decoraci\u00f3n personalizada\",\"publisher\":{\"@id\":\"https:\/\/karivoo.com\/#organization\"},\"potentialAction\":[{\"@type\":\"SearchAction\",\"target\":{\"@type\":\"EntryPoint\",\"urlTemplate\":\"https:\/\/karivoo.com\/?s={search_term_string}\"},\"query-input\":{\"@type\":\"PropertyValueSpecification\",\"valueRequired\":true,\"valueName\":\"search_term_string\"}}],\"inLanguage\":\"es\"},{\"@type\":\"Organization\",\"@id\":\"https:\/\/karivoo.com\/#organization\",\"name\":\"KARIVOO\",\"url\":\"https:\/\/karivoo.com\/\",\"logo\":{\"@type\":\"ImageObject\",\"inLanguage\":\"es\",\"@id\":\"https:\/\/karivoo.com\/#\/schema\/logo\/image\/\",\"url\":\"https:\/\/karivoo.com\/wp-content\/uploads\/2020\/09\/karivoo_logo_cabecera3.png\",\"contentUrl\":\"https:\/\/karivoo.com\/wp-content\/uploads\/2020\/09\/karivoo_logo_cabecera3.png\",\"width\":600,\"height\":456,\"caption\":\"KARIVOO\"},\"image\":{\"@id\":\"https:\/\/karivoo.com\/#\/schema\/logo\/image\/\"},\"sameAs\":[\"https:\/\/www.facebook.com\/Karivoo-105245794677788\",\"https:\/\/www.instagram.com\/karivoo_com\/\"]}]}<\/script>\n<!-- \/ Yoast SEO plugin. -->","yoast_head_json":{"title":"Nosotros - Karivoo","robots":{"index":"index","follow":"follow","max-snippet":"max-snippet:-1","max-image-preview":"max-image-preview:large","max-video-preview":"max-video-preview:-1"},"canonical":"https:\/\/karivoo.com\/index.php\/nosotros\/","og_locale":"es_ES","og_type":"article","og_title":"Nosotros - Karivoo","og_description":"Siempre nos entusiasmaron la artesan\u00eda, el dise\u00f1o y la decoraci\u00f3n, personalmente tuve la oportunidad de trabajar en un taller con la mejor herramienta y maquinaria de corte l\u00e1ser, de ah\u00ed naci\u00f3 mi curiosidad y entusiasmo en \u00e9ste mundo de la personalizaci\u00f3n y creaci\u00f3n artesanal. De mis conocimientos en dise\u00f1o gr\u00e1fico y experiencia manejando maquinaria CNC, [&hellip;]","og_url":"https:\/\/karivoo.com\/index.php\/nosotros\/","og_site_name":"Karivoo","article_publisher":"https:\/\/www.facebook.com\/Karivoo-105245794677788","article_modified_time":"2021-03-05T19:26:50+00:00","og_image":[{"url":"https:\/\/karivoo.com\/wp-content\/uploads\/2020\/10\/fondo_nosotros1-1024x868.jpg","type":"","width":"","height":""}],"twitter_card":"summary_large_image","twitter_misc":{"Tiempo de lectura":"1 minuto"},"schema":{"@context":"https:\/\/schema.org","@graph":[{"@type":"WebPage","@id":"https:\/\/karivoo.com\/index.php\/nosotros\/","url":"https:\/\/karivoo.com\/index.php\/nosotros\/","name":"Nosotros - Karivoo","isPartOf":{"@id":"https:\/\/karivoo.com\/#website"},"primaryImageOfPage":{"@id":"https:\/\/karivoo.com\/index.php\/nosotros\/#primaryimage"},"image":{"@id":"https:\/\/karivoo.com\/index.php\/nosotros\/#primaryimage"},"thumbnailUrl":"https:\/\/karivoo.com\/wp-content\/uploads\/2020\/10\/fondo_nosotros1-1024x868.jpg","datePublished":"2020-10-04T15:40:35+00:00","dateModified":"2021-03-05T19:26:50+00:00","breadcrumb":{"@id":"https:\/\/karivoo.com\/index.php\/nosotros\/#breadcrumb"},"inLanguage":"es","potentialAction":[{"@type":"ReadAction","target":["https:\/\/karivoo.com\/index.php\/nosotros\/"]}]},{"@type":"ImageObject","inLanguage":"es","@id":"https:\/\/karivoo.com\/index.php\/nosotros\/#primaryimage","url":"https:\/\/karivoo.com\/wp-content\/uploads\/2020\/10\/fondo_nosotros1.jpg","contentUrl":"https:\/\/karivoo.com\/wp-content\/uploads\/2020\/10\/fondo_nosotros1.jpg","width":1263,"height":1070},{"@type":"BreadcrumbList","@id":"https:\/\/karivoo.com\/index.php\/nosotros\/#breadcrumb","itemListElement":[{"@type":"ListItem","position":1,"name":"Portada","item":"https:\/\/karivoo.com\/"},{"@type":"ListItem","position":2,"name":"Nosotros"}]},{"@type":"WebSite","@id":"https:\/\/karivoo.com\/#website","url":"https:\/\/karivoo.com\/","name":"Karivoo","description":"Artesan\u00eda creativa de decoraci\u00f3n personalizada","publisher":{"@id":"https:\/\/karivoo.com\/#organization"},"potentialAction":[{"@type":"SearchAction","target":{"@type":"EntryPoint","urlTemplate":"https:\/\/karivoo.com\/?s={search_term_string}"},"query-input":{"@type":"PropertyValueSpecification","valueRequired":true,"valueName":"search_term_string"}}],"inLanguage":"es"},{"@type":"Organization","@id":"https:\/\/karivoo.com\/#organization","name":"KARIVOO","url":"https:\/\/karivoo.com\/","logo":{"@type":"ImageObject","inLanguage":"es","@id":"https:\/\/karivoo.com\/#\/schema\/logo\/image\/","url":"https:\/\/karivoo.com\/wp-content\/uploads\/2020\/09\/karivoo_logo_cabecera3.png","contentUrl":"https:\/\/karivoo.com\/wp-content\/uploads\/2020\/09\/karivoo_logo_cabecera3.png","width":600,"height":456,"caption":"KARIVOO"},"image":{"@id":"https:\/\/karivoo.com\/#\/schema\/logo\/image\/"},"sameAs":["https:\/\/www.facebook.com\/Karivoo-105245794677788","https:\/\/www.instagram.com\/karivoo_com\/"]}]}},"_links":{"self":[{"href":"https:\/\/karivoo.com\/index.php\/wp-json\/wp\/v2\/pages\/369","targetHints":{"allow":["GET"]}}],"collection":[{"href":"https:\/\/karivoo.com\/index.php\/wp-json\/wp\/v2\/pages"}],"about":[{"href":"https:\/\/karivoo.com\/index.php\/wp-json\/wp\/v2\/types\/page"}],"author":[{"embeddable":true,"href":"https:\/\/karivoo.com\/index.php\/wp-json\/wp\/v2\/users\/1"}],"replies":[{"embeddable":true,"href":"https:\/\/karivoo.com\/index.php\/wp-json\/wp\/v2\/comments?post=369"}],"version-history":[{"count":4,"href":"https:\/\/karivoo.com\/index.php\/wp-json\/wp\/v2\/pages\/369\/revisions"}],"predecessor-version":[{"id":840,"href":"https:\/\/karivoo.com\/index.php\/wp-json\/wp\/v2\/pages\/369\/revisions\/840"}],"wp:attachment":[{"href":"https:\/\/karivoo.com\/index.php\/wp-json\/wp\/v2\/media?parent=369"}],"curies":[{"name":"wp","href":"https:\/\/api.w.org\/{rel}","templated":true}]}}